{"id":6871,"date":"2020-01-07T20:46:42","date_gmt":"2020-01-07T20:46:42","guid":{"rendered":"https:\/\/tbhilfe.org\/?page_id=6871"},"modified":"2024-03-26T04:48:52","modified_gmt":"2024-03-26T04:48:52","slug":"ban-quan-tri","status":"publish","type":"page","link":"https:\/\/tbhelp.org\/?page_id=6871&lang=vi","title":{"rendered":"Qu\u1ea3n tr\u1ecb"},"content":{"rendered":"\t\t<div data-elementor-type=\"wp-page\" data-elementor-id=\"6871\" class=\"elementor elementor-6871 elementor-786\" data-elementor-post-type=\"page\">\n\t\t\t\t\t\t<section class=\"elementor-section elementor-top-section elementor-element elementor-element-cbbafc7 elementor-section-stretched elementor-section-height-min-height elementor-section-items-top elementor-hidden-desktop elementor-section-boxed elementor-section-height-default\" data-id=\"cbbafc7\" data-element_type=\"section\" data-settings=\"{&quot;stretch_section&quot;:&quot;section-stretched&quot;,&quot;background_background&quot;:&quot;classic&quot;}\">\n\t\t\t\t\t\t<div class=\"elementor-container elementor-column-gap-no\">\n\t\t\t\t\t<div class=\"elementor-column elementor-col-100 elementor-top-column elementor-element elementor-element-314a4a0\" data-id=\"314a4a0\" data-element_type=\"column\">\n\t\t\t<div class=\"elementor-widget-wrap elementor-element-populated\">\n\t\t\t\t\t\t<div class=\"elementor-element elementor-element-8e5e809 elementor-widget-divider--view-line elementor-widget elementor-widget-divider\" data-id=\"8e5e809\" data-element_type=\"widget\" data-widget_type=\"divider.default\">\n\t\t\t\t<div class=\"elementor-widget-container\">\n\t\t\t\t\t<div class=\"elementor-divider\">\n\t\t\t<span class=\"elementor-divider-separator\">\n\t\t\t\t\t\t<\/span>\n\t\t<\/div>\n\t\t\t\t<\/div>\n\t\t\t\t<\/div>\n\t\t\t\t<div class=\"elementor-element elementor-element-c181bca text-center elementor-widget elementor-widget-tp-adv-text-block\" data-id=\"c181bca\" data-element_type=\"widget\" data-widget_type=\"tp-adv-text-block.default\">\n\t\t\t\t<div class=\"elementor-widget-container\">\n\t\t\t<div class=\"pt-plus-text-block-wrapper\" ><div class=\"text_block_parallax\"><div class=\"pt_plus_adv_text_block \" ><div class=\"text-content-block\"><p>FIT \u0111\u01b0\u1ee3c qu\u1ea3n tr\u1ecb b\u1edfi m\u1ed9t h\u1ed9i nh\u1eefng ng\u01b0\u1eddi b\u1ea1n v\u00e0 l\u1eadp th\u00e0nh m\u1ed9t \u0110\u1ea1i h\u1ed9i \u0111\u1ed3ng. B\u1ea5t k\u1ef3 ai quan t\u00e2m c\u0169ng c\u00f3 c\u01a1 h\u1ed9i tham gia h\u1ed9i n\u00e0y v\u00e0 tham d\u1ef1 cu\u1ed9c h\u1ecdp th\u01b0\u1eddng ni\u00ean.<\/p>\n<p>M\u1ed7i n\u0103m, \u0110\u1ea1i h\u1ed9i \u0111\u1ed3ng \u1ee7y quy\u1ec1n cho m\u1ed9t ban gi\u00e1m \u0111\u1ed1c (BG\u0110) bao g\u1ed3m s\u00e1u th\u00e0nh vi\u00ean. BG\u0110 duy tr\u00ec m\u1ed9t h\u1ec7 th\u1ed1ng n\u1ed9i b\u1ed9 ph\u1ee5c v\u1ee5 ki\u1ec3m so\u00e1t, c\u00e2n \u0111\u1ed1i, v\u00e0 \u0111\u1ea3m b\u1ea3o r\u1eb1ng l\u1ee3i \u00edch c\u1ed9ng \u0111\u1ed3ng \u0111\u01b0\u1ee3c ph\u1ee5c v\u1ee5 theo c\u00e1c \u0111i\u1ec1u kho\u1ea3n c\u1ee7a B\u1ed9 lu\u1eadt D\u00e2n s\u1ef1 \u0110\u1ee9c (GBG). BG\u0110 ch\u1ecbu tr\u00e1ch nhi\u1ec7m:<\/p>\n<\/div><\/div><\/div><\/div>\t\t<\/div>\n\t\t\t\t<\/div>\n\t\t\t\t<section class=\"elementor-section elementor-inner-section elementor-element elementor-element-a3a3621 elementor-section-boxed elementor-section-height-default elementor-section-height-default\" data-id=\"a3a3621\" data-element_type=\"section\">\n\t\t\t\t\t\t<div class=\"elementor-container elementor-column-gap-default\">\n\t\t\t\t\t<div class=\"elementor-column elementor-col-25 elementor-inner-column elementor-element elementor-element-77922a8\" data-id=\"77922a8\" data-element_type=\"column\">\n\t\t\t<div class=\"elementor-widget-wrap elementor-element-populated\">\n\t\t\t\t\t\t<div class=\"elementor-element elementor-element-c4e695b elementor-position-top elementor-widget elementor-widget-image-box\" data-id=\"c4e695b\" data-element_type=\"widget\" data-widget_type=\"image-box.default\">\n\t\t\t\t<div class=\"elementor-widget-container\">\n\t\t\t<div class=\"elementor-image-box-wrapper\"><figure class=\"elementor-image-box-img\"><img decoding=\"async\" src=\"https:\/\/tbhelp.org\/wp-content\/uploads\/icons-govern-08.svg\" class=\"attachment-full size-full wp-image-5189\" alt=\"\" \/><\/figure><div class=\"elementor-image-box-content\"><p class=\"elementor-image-box-description\">L\u00e3nh \u0111\u1ea1o v\u00e0 \u0111\u1ecbnh h\u01b0\u1edbng<\/p><\/div><\/div>\t\t<\/div>\n\t\t\t\t<\/div>\n\t\t\t\t\t<\/div>\n\t\t<\/div>\n\t\t\t\t<div class=\"elementor-column elementor-col-25 elementor-inner-column elementor-element elementor-element-11670aa\" data-id=\"11670aa\" data-element_type=\"column\">\n\t\t\t<div class=\"elementor-widget-wrap elementor-element-populated\">\n\t\t\t\t\t\t<div class=\"elementor-element elementor-element-0ff7dbc elementor-position-top elementor-widget elementor-widget-image-box\" data-id=\"0ff7dbc\" data-element_type=\"widget\" data-widget_type=\"image-box.default\">\n\t\t\t\t<div class=\"elementor-widget-container\">\n\t\t\t<div class=\"elementor-image-box-wrapper\"><figure class=\"elementor-image-box-img\"><img decoding=\"async\" src=\"https:\/\/tbhelp.org\/wp-content\/uploads\/icons-govern-09.svg\" class=\"attachment-full size-full wp-image-5191\" alt=\"\" \/><\/figure><div class=\"elementor-image-box-content\"><p class=\"elementor-image-box-description\">Gi\u00e1m s\u00e1t vi\u1ec7c th\u1ef1c hi\u1ec7n c\u00e1c d\u1ef1 \u00e1n theo th\u1ecfa thu\u1eadn<\/p><\/div><\/div>\t\t<\/div>\n\t\t\t\t<\/div>\n\t\t\t\t\t<\/div>\n\t\t<\/div>\n\t\t\t\t<div class=\"elementor-column elementor-col-25 elementor-inner-column elementor-element elementor-element-508a134\" data-id=\"508a134\" data-element_type=\"column\">\n\t\t\t<div class=\"elementor-widget-wrap elementor-element-populated\">\n\t\t\t\t\t\t<div class=\"elementor-element elementor-element-3e194f8 elementor-position-top elementor-widget elementor-widget-image-box\" data-id=\"3e194f8\" data-element_type=\"widget\" data-widget_type=\"image-box.default\">\n\t\t\t\t<div class=\"elementor-widget-container\">\n\t\t\t<div class=\"elementor-image-box-wrapper\"><figure class=\"elementor-image-box-img\"><img decoding=\"async\" src=\"https:\/\/tbhelp.org\/wp-content\/uploads\/icons-govern-10.svg\" class=\"attachment-full size-full wp-image-5193\" alt=\"\" \/><\/figure><div class=\"elementor-image-box-content\"><p class=\"elementor-image-box-description\">L\u1eadp k\u1ebf ho\u1ea1ch v\u00e0 th\u1ef1c hi\u1ec7n c\u00e1c ho\u1ea1t \u0111\u1ed9ng<\/p><\/div><\/div>\t\t<\/div>\n\t\t\t\t<\/div>\n\t\t\t\t\t<\/div>\n\t\t<\/div>\n\t\t\t\t<div class=\"elementor-column elementor-col-25 elementor-inner-column elementor-element elementor-element-923f466\" data-id=\"923f466\" data-element_type=\"column\">\n\t\t\t<div class=\"elementor-widget-wrap elementor-element-populated\">\n\t\t\t\t\t\t<div class=\"elementor-element elementor-element-2df9bbd elementor-position-top elementor-widget elementor-widget-image-box\" data-id=\"2df9bbd\" data-element_type=\"widget\" data-widget_type=\"image-box.default\">\n\t\t\t\t<div class=\"elementor-widget-container\">\n\t\t\t<div class=\"elementor-image-box-wrapper\"><figure class=\"elementor-image-box-img\"><img decoding=\"async\" src=\"https:\/\/tbhelp.org\/wp-content\/uploads\/icons-govern-11.svg\" class=\"attachment-full size-full wp-image-5195\" alt=\"\" \/><\/figure><div class=\"elementor-image-box-content\"><p class=\"elementor-image-box-description\">\u0110\u1ea3m b\u1ea3o tu\u00e2n th\u1ee7 c\u00e1c quy \u0111\u1ecbnh<\/p><\/div><\/div>\t\t<\/div>\n\t\t\t\t<\/div>\n\t\t\t\t\t<\/div>\n\t\t<\/div>\n\t\t\t\t\t<\/div>\n\t\t<\/section>\n\t\t\t\t<section class=\"elementor-section elementor-inner-section elementor-element elementor-element-6d16015 elementor-section-boxed elementor-section-height-default elementor-section-height-default\" data-id=\"6d16015\" data-element_type=\"section\">\n\t\t\t\t\t\t<div class=\"elementor-container elementor-column-gap-default\">\n\t\t\t\t\t<div class=\"elementor-column elementor-col-25 elementor-inner-column elementor-element elementor-element-600e03b\" data-id=\"600e03b\" data-element_type=\"column\">\n\t\t\t<div class=\"elementor-widget-wrap\">\n\t\t\t\t\t\t\t<\/div>\n\t\t<\/div>\n\t\t\t\t<div class=\"elementor-column elementor-col-25 elementor-inner-column elementor-element elementor-element-7640663\" data-id=\"7640663\" data-element_type=\"column\">\n\t\t\t<div class=\"elementor-widget-wrap elementor-element-populated\">\n\t\t\t\t\t\t<div class=\"elementor-element elementor-element-d7b8de5 elementor-position-top elementor-widget elementor-widget-image-box\" data-id=\"d7b8de5\" data-element_type=\"widget\" data-widget_type=\"image-box.default\">\n\t\t\t\t<div class=\"elementor-widget-container\">\n\t\t\t<div class=\"elementor-image-box-wrapper\"><figure class=\"elementor-image-box-img\"><img decoding=\"async\" src=\"https:\/\/tbhelp.org\/wp-content\/uploads\/icons-govern-12.svg\" class=\"attachment-full size-full wp-image-5197\" alt=\"\" \/><\/figure><div class=\"elementor-image-box-content\"><p class=\"elementor-image-box-description\">Duy tr\u00ec gi\u00e1m s\u00e1t t\u00e0i ch\u00ednh c\u1ee7a t\u1ed5 ch\u1ee9c\n<\/p><\/div><\/div>\t\t<\/div>\n\t\t\t\t<\/div>\n\t\t\t\t\t<\/div>\n\t\t<\/div>\n\t\t\t\t<div class=\"elementor-column elementor-col-25 elementor-inner-column elementor-element elementor-element-77d1e62\" data-id=\"77d1e62\" data-element_type=\"column\">\n\t\t\t<div class=\"elementor-widget-wrap elementor-element-populated\">\n\t\t\t\t\t\t<div class=\"elementor-element elementor-element-73a7a5b elementor-position-top elementor-widget elementor-widget-image-box\" data-id=\"73a7a5b\" data-element_type=\"widget\" data-widget_type=\"image-box.default\">\n\t\t\t\t<div class=\"elementor-widget-container\">\n\t\t\t<div class=\"elementor-image-box-wrapper\"><figure class=\"elementor-image-box-img\"><img decoding=\"async\" src=\"https:\/\/tbhelp.org\/wp-content\/uploads\/icons-govern-13.svg\" class=\"attachment-full size-full wp-image-5199\" alt=\"\" \/><\/figure><div class=\"elementor-image-box-content\"><p class=\"elementor-image-box-description\">\u0110\u00e1nh gi\u00e1 hi\u1ec7u su\u1ea5t c\u1ee7a Gi\u00e1m \u0111\u1ed1c \u0111i\u1ec1u h\u00e0nh v\u00e0 nh\u00f3m qu\u1ea3n l\u00fd \u0111i\u1ec1u h\u00e0nh<\/p><\/div><\/div>\t\t<\/div>\n\t\t\t\t<\/div>\n\t\t\t\t\t<\/div>\n\t\t<\/div>\n\t\t\t\t<div class=\"elementor-column elementor-col-25 elementor-inner-column elementor-element elementor-element-ffe67ac\" data-id=\"ffe67ac\" data-element_type=\"column\">\n\t\t\t<div class=\"elementor-widget-wrap\">\n\t\t\t\t\t\t\t<\/div>\n\t\t<\/div>\n\t\t\t\t\t<\/div>\n\t\t<\/section>\n\t\t\t\t\t<\/div>\n\t\t<\/div>\n\t\t\t\t\t<\/div>\n\t\t<\/section>\n\t\t\t\t<section class=\"elementor-section elementor-top-section elementor-element elementor-element-0b780ae elementor-section-stretched elementor-section-height-min-height elementor-hidden-phone elementor-section-items-top elementor-section-boxed elementor-section-height-default\" data-id=\"0b780ae\" data-element_type=\"section\" data-settings=\"{&quot;stretch_section&quot;:&quot;section-stretched&quot;,&quot;background_background&quot;:&quot;classic&quot;}\">\n\t\t\t\t\t\t<div class=\"elementor-container elementor-column-gap-no\">\n\t\t\t\t\t<div class=\"elementor-column elementor-col-100 elementor-top-column elementor-element elementor-element-5c22e5e\" data-id=\"5c22e5e\" data-element_type=\"column\">\n\t\t\t<div class=\"elementor-widget-wrap elementor-element-populated\">\n\t\t\t\t\t\t<div class=\"elementor-element elementor-element-aff6dc3 elementor-widget elementor-widget-image\" data-id=\"aff6dc3\" data-element_type=\"widget\" data-widget_type=\"image.default\">\n\t\t\t\t<div class=\"elementor-widget-container\">\n\t\t\t\t\t\t\t\t\t\t\t\t\t<img loading=\"lazy\" decoding=\"async\" width=\"1260\" height=\"700\" src=\"https:\/\/tbhelp.org\/wp-content\/uploads\/Governance-VI.png\" class=\"attachment-full size-full wp-image-5419\" alt=\"\" \/>\t\t\t\t\t\t\t\t\t\t\t\t\t<\/div>\n\t\t\t\t<\/div>\n\t\t\t\t<div class=\"elementor-element elementor-element-913ba34 elementor-widget-divider--view-line elementor-widget elementor-widget-divider\" data-id=\"913ba34\" data-element_type=\"widget\" data-widget_type=\"divider.default\">\n\t\t\t\t<div class=\"elementor-widget-container\">\n\t\t\t\t\t<div class=\"elementor-divider\">\n\t\t\t<span class=\"elementor-divider-separator\">\n\t\t\t\t\t\t<\/span>\n\t\t<\/div>\n\t\t\t\t<\/div>\n\t\t\t\t<\/div>\n\t\t\t\t<div class=\"elementor-element elementor-element-d21bd03 elementor-widget elementor-widget-text-editor\" data-id=\"d21bd03\" data-element_type=\"widget\" data-widget_type=\"text-editor.default\">\n\t\t\t\t<div class=\"elementor-widget-container\">\n\t\t\t\t\t\t\t<p style=\"text-align: left;\">FIT \u0111\u01b0\u1ee3c qu\u1ea3n tr\u1ecb b\u1edfi m\u1ed9t h\u1ed9i nh\u1eefng ng\u01b0\u1eddi b\u1ea1n v\u00e0 l\u1eadp th\u00e0nh m\u1ed9t \u0110\u1ea1i h\u1ed9i \u0111\u1ed3ng. B\u1ea5t k\u1ef3 ai quan t\u00e2m c\u0169ng c\u00f3 c\u01a1 h\u1ed9i tham gia h\u1ed9i n\u00e0y v\u00e0 tham d\u1ef1 cu\u1ed9c h\u1ecdp th\u01b0\u1eddng ni\u00ean.<\/p>\n<p style=\"text-align: left;\"><span style=\"color: #ffffff;\">M\u1ed7i n\u0103m, \u0110\u1ea1i h\u1ed9i \u0111\u1ed3ng \u1ee7y quy\u1ec1n cho m\u1ed9t ban gi\u00e1m \u0111\u1ed1c (BG\u0110) bao g\u1ed3m s\u00e1u th\u00e0nh vi\u00ean. BG\u0110 duy tr\u00ec m\u1ed9t h\u1ec7 th\u1ed1ng n\u1ed9i b\u1ed9 ph\u1ee5c v\u1ee5 ki\u1ec3m so\u00e1t, c\u00e2n \u0111\u1ed1i, v\u00e0 \u0111\u1ea3m b\u1ea3o r\u1eb1ng l\u1ee3i \u00edch c\u1ed9ng \u0111\u1ed3ng \u0111\u01b0\u1ee3c ph\u1ee5c v\u1ee5 theo c\u00e1c \u0111i\u1ec1u kho\u1ea3n c\u1ee7a B\u1ed9 lu\u1eadt D\u00e2n s\u1ef1 \u0110\u1ee9c (GBG). BG\u0110 ch\u1ecbu tr\u00e1ch nhi\u1ec7m:<\/span><\/p>\n\t\t\t\t\t\t<\/div>\n\t\t\t\t<\/div>\n\t\t\t\t<section class=\"elementor-section elementor-inner-section elementor-element elementor-element-2b6d431 elementor-section-boxed elementor-section-height-default elementor-section-height-default\" data-id=\"2b6d431\" data-element_type=\"section\">\n\t\t\t\t\t\t<div class=\"elementor-container elementor-column-gap-default\">\n\t\t\t\t\t<div class=\"elementor-column elementor-col-25 elementor-inner-column elementor-element elementor-element-70d2dbd\" data-id=\"70d2dbd\" data-element_type=\"column\">\n\t\t\t<div class=\"elementor-widget-wrap elementor-element-populated\">\n\t\t\t\t\t\t<div class=\"elementor-element elementor-element-d3f3b15 elementor-position-top elementor-widget elementor-widget-image-box\" data-id=\"d3f3b15\" data-element_type=\"widget\" data-widget_type=\"image-box.default\">\n\t\t\t\t<div class=\"elementor-widget-container\">\n\t\t\t<div class=\"elementor-image-box-wrapper\"><figure class=\"elementor-image-box-img\"><img decoding=\"async\" src=\"https:\/\/tbhelp.org\/wp-content\/uploads\/icons-govern-08.svg\" class=\"attachment-full size-full wp-image-5189\" alt=\"\" \/><\/figure><div class=\"elementor-image-box-content\"><p class=\"elementor-image-box-description\">L\u00e3nh \u0111\u1ea1o v\u00e0 \u0111\u1ecbnh h\u01b0\u1edbng<\/p><\/div><\/div>\t\t<\/div>\n\t\t\t\t<\/div>\n\t\t\t\t\t<\/div>\n\t\t<\/div>\n\t\t\t\t<div class=\"elementor-column elementor-col-25 elementor-inner-column elementor-element elementor-element-494a875\" data-id=\"494a875\" data-element_type=\"column\">\n\t\t\t<div class=\"elementor-widget-wrap elementor-element-populated\">\n\t\t\t\t\t\t<div class=\"elementor-element elementor-element-0f88a79 elementor-position-top elementor-widget elementor-widget-image-box\" data-id=\"0f88a79\" data-element_type=\"widget\" data-widget_type=\"image-box.default\">\n\t\t\t\t<div class=\"elementor-widget-container\">\n\t\t\t<div class=\"elementor-image-box-wrapper\"><figure class=\"elementor-image-box-img\"><img decoding=\"async\" src=\"https:\/\/tbhelp.org\/wp-content\/uploads\/icons-govern-09.svg\" class=\"attachment-full size-full wp-image-5191\" alt=\"\" \/><\/figure><div class=\"elementor-image-box-content\"><p class=\"elementor-image-box-description\">Gi\u00e1m s\u00e1t vi\u1ec7c th\u1ef1c hi\u1ec7n c\u00e1c d\u1ef1 \u00e1n theo th\u1ecfa thu\u1eadn<\/p><\/div><\/div>\t\t<\/div>\n\t\t\t\t<\/div>\n\t\t\t\t\t<\/div>\n\t\t<\/div>\n\t\t\t\t<div class=\"elementor-column elementor-col-25 elementor-inner-column elementor-element elementor-element-58773be\" data-id=\"58773be\" data-element_type=\"column\">\n\t\t\t<div class=\"elementor-widget-wrap elementor-element-populated\">\n\t\t\t\t\t\t<div class=\"elementor-element elementor-element-f5d3b7d elementor-position-top elementor-widget elementor-widget-image-box\" data-id=\"f5d3b7d\" data-element_type=\"widget\" data-widget_type=\"image-box.default\">\n\t\t\t\t<div class=\"elementor-widget-container\">\n\t\t\t<div class=\"elementor-image-box-wrapper\"><figure class=\"elementor-image-box-img\"><img decoding=\"async\" src=\"https:\/\/tbhelp.org\/wp-content\/uploads\/icons-govern-10.svg\" class=\"attachment-full size-full wp-image-5193\" alt=\"\" \/><\/figure><div class=\"elementor-image-box-content\"><p class=\"elementor-image-box-description\">L\u1eadp k\u1ebf ho\u1ea1ch v\u00e0 th\u1ef1c hi\u1ec7n c\u00e1c ho\u1ea1t \u0111\u1ed9ng<\/p><\/div><\/div>\t\t<\/div>\n\t\t\t\t<\/div>\n\t\t\t\t\t<\/div>\n\t\t<\/div>\n\t\t\t\t<div class=\"elementor-column elementor-col-25 elementor-inner-column elementor-element elementor-element-9a8c0c8\" data-id=\"9a8c0c8\" data-element_type=\"column\">\n\t\t\t<div class=\"elementor-widget-wrap elementor-element-populated\">\n\t\t\t\t\t\t<div class=\"elementor-element elementor-element-af5e08d elementor-position-top elementor-widget elementor-widget-image-box\" data-id=\"af5e08d\" data-element_type=\"widget\" data-widget_type=\"image-box.default\">\n\t\t\t\t<div class=\"elementor-widget-container\">\n\t\t\t<div class=\"elementor-image-box-wrapper\"><figure class=\"elementor-image-box-img\"><img decoding=\"async\" src=\"https:\/\/tbhelp.org\/wp-content\/uploads\/icons-govern-11.svg\" class=\"attachment-full size-full wp-image-5195\" alt=\"\" \/><\/figure><div class=\"elementor-image-box-content\"><p class=\"elementor-image-box-description\">\u0110\u1ea3m b\u1ea3o tu\u00e2n th\u1ee7 c\u00e1c quy \u0111\u1ecbnh<\/p><\/div><\/div>\t\t<\/div>\n\t\t\t\t<\/div>\n\t\t\t\t\t<\/div>\n\t\t<\/div>\n\t\t\t\t\t<\/div>\n\t\t<\/section>\n\t\t\t\t<section class=\"elementor-section elementor-inner-section elementor-element elementor-element-4d53e0f elementor-section-boxed elementor-section-height-default elementor-section-height-default\" data-id=\"4d53e0f\" data-element_type=\"section\">\n\t\t\t\t\t\t<div class=\"elementor-container elementor-column-gap-default\">\n\t\t\t\t\t<div class=\"elementor-column elementor-col-25 elementor-inner-column elementor-element elementor-element-d244c9d\" data-id=\"d244c9d\" data-element_type=\"column\">\n\t\t\t<div class=\"elementor-widget-wrap\">\n\t\t\t\t\t\t\t<\/div>\n\t\t<\/div>\n\t\t\t\t<div class=\"elementor-column elementor-col-25 elementor-inner-column elementor-element elementor-element-0dd5d8b\" data-id=\"0dd5d8b\" data-element_type=\"column\">\n\t\t\t<div class=\"elementor-widget-wrap elementor-element-populated\">\n\t\t\t\t\t\t<div class=\"elementor-element elementor-element-4032c04 elementor-position-top elementor-widget elementor-widget-image-box\" data-id=\"4032c04\" data-element_type=\"widget\" data-widget_type=\"image-box.default\">\n\t\t\t\t<div class=\"elementor-widget-container\">\n\t\t\t<div class=\"elementor-image-box-wrapper\"><figure class=\"elementor-image-box-img\"><img decoding=\"async\" src=\"https:\/\/tbhelp.org\/wp-content\/uploads\/icons-govern-12.svg\" class=\"attachment-full size-full wp-image-5197\" alt=\"\" \/><\/figure><div class=\"elementor-image-box-content\"><p class=\"elementor-image-box-description\">Duy tr\u00ec gi\u00e1m s\u00e1t t\u00e0i ch\u00ednh c\u1ee7a t\u1ed5 ch\u1ee9c\n<\/p><\/div><\/div>\t\t<\/div>\n\t\t\t\t<\/div>\n\t\t\t\t\t<\/div>\n\t\t<\/div>\n\t\t\t\t<div class=\"elementor-column elementor-col-25 elementor-inner-column elementor-element elementor-element-5904a1b\" data-id=\"5904a1b\" data-element_type=\"column\">\n\t\t\t<div class=\"elementor-widget-wrap elementor-element-populated\">\n\t\t\t\t\t\t<div class=\"elementor-element elementor-element-3f7be47 elementor-position-top elementor-widget elementor-widget-image-box\" data-id=\"3f7be47\" data-element_type=\"widget\" data-widget_type=\"image-box.default\">\n\t\t\t\t<div class=\"elementor-widget-container\">\n\t\t\t<div class=\"elementor-image-box-wrapper\"><figure class=\"elementor-image-box-img\"><img decoding=\"async\" src=\"https:\/\/tbhelp.org\/wp-content\/uploads\/icons-govern-13.svg\" class=\"attachment-full size-full wp-image-5199\" alt=\"\" \/><\/figure><div class=\"elementor-image-box-content\"><p class=\"elementor-image-box-description\">\u0110\u00e1nh gi\u00e1 hi\u1ec7u su\u1ea5t c\u1ee7a Gi\u00e1m \u0111\u1ed1c \u0111i\u1ec1u h\u00e0nh v\u00e0 nh\u00f3m qu\u1ea3n l\u00fd \u0111i\u1ec1u h\u00e0nh<\/p><\/div><\/div>\t\t<\/div>\n\t\t\t\t<\/div>\n\t\t\t\t\t<\/div>\n\t\t<\/div>\n\t\t\t\t<div class=\"elementor-column elementor-col-25 elementor-inner-column elementor-element elementor-element-8a9a237\" data-id=\"8a9a237\" data-element_type=\"column\">\n\t\t\t<div class=\"elementor-widget-wrap\">\n\t\t\t\t\t\t\t<\/div>\n\t\t<\/div>\n\t\t\t\t\t<\/div>\n\t\t<\/section>\n\t\t\t\t<div class=\"elementor-element elementor-element-8d05f92 elementor-widget elementor-widget-spacer\" data-id=\"8d05f92\" data-element_type=\"widget\" data-widget_type=\"spacer.default\">\n\t\t\t\t<div class=\"elementor-widget-container\">\n\t\t\t\t\t<div class=\"elementor-spacer\">\n\t\t\t<div class=\"elementor-spacer-inner\"><\/div>\n\t\t<\/div>\n\t\t\t\t<\/div>\n\t\t\t\t<\/div>\n\t\t\t\t\t<\/div>\n\t\t<\/div>\n\t\t\t\t\t<\/div>\n\t\t<\/section>\n\t\t\t\t<section class=\"elementor-section elementor-top-section elementor-element elementor-element-eba82fa elementor-section-stretched elementor-section-height-min-height elementor-section-full_width elementor-section-height-default elementor-section-items-middle\" data-id=\"eba82fa\" data-element_type=\"section\" data-settings=\"{&quot;stretch_section&quot;:&quot;section-stretched&quot;,&quot;background_background&quot;:&quot;classic&quot;}\">\n\t\t\t\t\t\t<div class=\"elementor-container elementor-column-gap-no\">\n\t\t\t\t\t<div class=\"elementor-column elementor-col-100 elementor-top-column elementor-element elementor-element-e432aca\" data-id=\"e432aca\" data-element_type=\"column\">\n\t\t\t<div class=\"elementor-widget-wrap\">\n\t\t\t\t\t\t\t<\/div>\n\t\t<\/div>\n\t\t\t\t\t<\/div>\n\t\t<\/section>\n\t\t\t\t<section class=\"elementor-section elementor-top-section elementor-element elementor-element-28543a7 elementor-section-stretched elementor-section-full_width elementor-section-height-default elementor-section-height-default\" data-id=\"28543a7\" data-element_type=\"section\" data-settings=\"{&quot;stretch_section&quot;:&quot;section-stretched&quot;}\">\n\t\t\t\t\t\t<div class=\"elementor-container elementor-column-gap-no\">\n\t\t\t\t\t<div class=\"elementor-column elementor-col-100 elementor-top-column elementor-element elementor-element-aae2f83\" data-id=\"aae2f83\" data-element_type=\"column\" data-settings=\"{&quot;background_background&quot;:&quot;classic&quot;}\">\n\t\t\t<div class=\"elementor-widget-wrap elementor-element-populated\">\n\t\t\t\t\t<div class=\"elementor-background-overlay\"><\/div>\n\t\t\t\t\t\t<div class=\"elementor-element elementor-element-dc87d6f elementor-widget elementor-widget-text-editor\" data-id=\"dc87d6f\" data-element_type=\"widget\" data-widget_type=\"text-editor.default\">\n\t\t\t\t<div class=\"elementor-widget-container\">\n\t\t\t\t\t\t\t<p>T\u1ea5t c\u1ea3 c\u00e1c th\u00e0nh vi\u00ean h\u1ed9i \u0111\u1ed3ng qu\u1ea3n tr\u1ecb v\u00e0 h\u1ed9i \u0111\u1ed3ng ho\u00e0n th\u00e0nh nhi\u1ec7m v\u1ee5 c\u1ee7a h\u1ecd m\u1ed9t c\u00e1ch t\u1ef1 nguy\u1ec7n m\u00e0 kh\u00f4ng c\u00f3 b\u1ea5t k\u1ef3 kho\u1ea3n b\u1ed3i th\u01b0\u1eddng t\u00e0i ch\u00ednh n\u00e0o.<\/p>\n<p>N\u1ebfu b\u1ea1n mong mu\u1ed1n tham gia \u0110\u1ea1i h\u1ed9i \u0111\u1ed3ng FIT, vui l\u00f2ng g\u1eedi email \u0111\u1ebfn \u0111\u1ecba ch\u1ec9 <a href=\"mailto:info@localhost\">info@tbhelp.org<\/a><\/p>\n\t\t\t\t\t\t<\/div>\n\t\t\t\t<\/div>\n\t\t\t\t\t<\/div>\n\t\t<\/div>\n\t\t\t\t\t<\/div>\n\t\t<\/section>\n\t\t\t\t<\/div>\n\t\t","protected":false},"excerpt":{"rendered":"<p>FIT \u0111\u01b0\u1ee3c qu\u1ea3n tr\u1ecb b\u1edfi m\u1ed9t h\u1ed9i nh\u1eefng ng\u01b0\u1eddi b\u1ea1n v\u00e0 l\u1eadp th\u00e0nh m\u1ed9t \u0110\u1ea1i h\u1ed9i \u0111\u1ed3ng. B\u1ea5t k\u1ef3 ai quan t\u00e2m c\u0169ng c\u00f3 c\u01a1 h\u1ed9i tham gia h\u1ed9i n\u00e0y v\u00e0 tham d\u1ef1 cu\u1ed9c h\u1ecdp th\u01b0\u1eddng ni\u00ean. M\u1ed7i n\u0103m, \u0110\u1ea1i h\u1ed9i \u0111\u1ed3ng \u1ee7y quy\u1ec1n cho m\u1ed9t ban gi\u00e1m \u0111\u1ed1c (BG\u0110) bao g\u1ed3m s\u00e1u th\u00e0nh vi\u00ean.&hellip;&nbsp;<a href=\"https:\/\/tbhelp.org\/?page_id=6871&#038;lang=vi\" class=\"\" rel=\"bookmark\">Read More &raquo;<span class=\"screen-reader-text\">Qu\u1ea3n tr\u1ecb<\/span><\/a><\/p>\n","protected":false},"author":2,"featured_media":0,"parent":0,"menu_order":0,"comment_status":"closed","ping_status":"closed","template":"","meta":{"_acf_changed":false,"neve_meta_sidebar":"","neve_meta_container":"","neve_meta_enable_content_width":"","neve_meta_content_width":0,"neve_meta_title_alignment":"","neve_meta_author_avatar":"","neve_post_elements_order":"","neve_meta_disable_header":"","neve_meta_disable_footer":"","neve_meta_disable_title":"","footnotes":""},"acf":[],"_links":{"self":[{"href":"https:\/\/tbhelp.org\/index.php?rest_route=\/wp\/v2\/pages\/6871"}],"collection":[{"href":"https:\/\/tbhelp.org\/index.php?rest_route=\/wp\/v2\/pages"}],"about":[{"href":"https:\/\/tbhelp.org\/index.php?rest_route=\/wp\/v2\/types\/page"}],"author":[{"embeddable":true,"href":"https:\/\/tbhelp.org\/index.php?rest_route=\/wp\/v2\/users\/2"}],"replies":[{"embeddable":true,"href":"https:\/\/tbhelp.org\/index.php?rest_route=%2Fwp%2Fv2%2Fcomments&post=6871"}],"version-history":[{"count":7,"href":"https:\/\/tbhelp.org\/index.php?rest_route=\/wp\/v2\/pages\/6871\/revisions"}],"predecessor-version":[{"id":7122,"href":"https:\/\/tbhelp.org\/index.php?rest_route=\/wp\/v2\/pages\/6871\/revisions\/7122"}],"wp:attachment":[{"href":"https:\/\/tbhelp.org\/index.php?rest_route=%2Fwp%2Fv2%2Fmedia&parent=6871"}],"curies":[{"name":"wp","href":"https:\/\/api.w.org\/{rel}","templated":true}]}}