{"id":6776,"date":"2019-12-26T08:07:47","date_gmt":"2019-12-26T08:07:47","guid":{"rendered":"https:\/\/tbhilfe.org\/?page_id=6776"},"modified":"2019-12-26T08:07:47","modified_gmt":"2019-12-26T08:07:47","slug":"haftungsausschluss","status":"publish","type":"page","link":"https:\/\/tbhelp.org\/?page_id=6776&lang=de","title":{"rendered":"Haftungsausschluss"},"content":{"rendered":"<h2>Haftungsausschluss<\/h2>\n<h2>Ver\u00f6ffentlichungspflichtige Informationen nach \u00a7 5 TMG<\/h2>\n<p>Freundeskreis f\u00fcr Internationale Tuberkulosehilfe e.V.<\/p>\n<p>c\/o J\u00f6rg Preuss<br \/>\nWendelsteinstr. 11,<br \/>\n82166 Graefelfing<br \/>\ninfo (at) tbhelp.org<\/p>\n<p><strong>Registrierung:<\/strong><br \/>\nVereinsregister M\u00fcnchen 204176<\/p>\n<p><strong>Verwaltungsrat:<\/strong><br \/>\nHerr Luan Vo Nguyen Quang<br \/>\nHerr J\u00f6rg Preuss<br \/>\nHerr Markus Greif<br \/>\nHerr Markus Ostern<br \/>\nFrau Rachel Forse<\/p>\n<p><strong>Verantwortlich f\u00fcr den journalistisch-redaktionellen Inhalt im Sinne des \u00a7 55 II RStV:<\/strong><br \/>\nLuan Vo Nguyen Quang<br \/>\nElmer Weg 5<br \/>\n60386 Frankfurt<br \/>\nluan.vo (at) tbhelp.org<\/p>\n<h3><strong>Beschr\u00e4nkung der Haftung<\/strong><\/h3>\n<p>Die Inhalte dieser Website werden mit gr\u00f6\u00dftm\u00f6glicher Sorgfalt erstellt. Der Freundeskreis f\u00fcr Internationale Tuberkulosehilfe e.V. (&#8220;Verein&#8221;) \u00fcbernimmt jedoch keine Gew\u00e4hr f\u00fcr die Richtigkeit, Vollst\u00e4ndigkeit und Aktualit\u00e4t der Inhalte. Als Verein sind wir gem\u00e4\u00df \u00a7 7 Abs.1 TMG f\u00fcr eigene Inhalte auf diesen Seiten nach den allgemeinen Gesetzen verantwortlich. Nach \u00a7\u00a7 8 bis 10 TMG sind wir als Verein jedoch nicht verpflichtet, \u00fcbermittelte oder gespeicherte fremde Informationen zu \u00fcberwachen oder nach Umst\u00e4nden zu forschen, die auf eine rechtswidrige T\u00e4tigkeit hinweisen. Verpflichtungen zur Entfernung oder Sperrung der Nutzung von Informationen nach den allgemeinen Gesetzen bleiben hiervon unber\u00fchrt. Eine diesbez\u00fcgliche Haftung ist jedoch erst ab dem Zeitpunkt der Kenntnis einer konkreten Rechtsverletzung m\u00f6glich. Bei Bekanntwerden von entsprechenden Rechtsverletzungen werden wir diese Inhalte umgehend entfernen.<\/p>\n<h3><strong>Externe Links<\/strong><\/h3>\n<p>Diese Website enth\u00e4lt Verkn\u00fcpfungen zu Websites Dritter (&#8220;externe Links&#8221;). Der Verein hat keinen Einfluss auf die aktuelle und zuk\u00fcnftige Gestaltung und Inhalte der verlinkten Seiten. Deshalb k\u00f6nnen wir f\u00fcr diese fremden Inhalte auch keine Gew\u00e4hr \u00fcbernehmen. F\u00fcr die Inhalte der verlinkten Seiten ist stets der jeweilige Anbieter oder Betreiber der Seiten verantwortlich. Der Verein hat bei der erstmaligen Verkn\u00fcpfung der externen Links auf die fremden Inhalte darauf geachtet, ob etwaige Rechtsverst\u00f6\u00dfe bestehen. Zu dem Zeitpunkt waren keine Rechtsverst\u00f6\u00dfe ersichtlich. Das Setzen von externen Links bedeutet nicht, dass sich der Verein die hinter dem Verweis oder Link liegenden Inhalte zu Eigen macht. Eine st\u00e4ndige Kontrolle der Inhalte dieser externen Links ist f\u00fcr den Verein ohne konkrete Hinweise auf Rechtsverst\u00f6\u00dfe nicht zumutbar. Bei Kenntnis von Rechtsverst\u00f6\u00dfen werden jedoch derartige externe Links unverz\u00fcglich gel\u00f6scht.<\/p>\n<h3>Urheber- und Leistungsschutzrechte<\/h3>\n<p>Die auf dieser Website ver\u00f6ffentlichten Informationen unterliegen dem deutschen Urheber- und Leistungsschutzrecht. Jede Verwertung oder Vervielf\u00e4ltigung im Sinne des deutschen Urheber- und Leistungsschutzrechts bedarf der vorherigen schriftlichen Zustimmung des Vereins bzw. der jeweiligen Rechteinhaber der Inhalte. Dies gilt insbesondere f\u00fcr Vervielf\u00e4ltigung, Bearbeitung, \u00dcbersetzung, Einspeicherung, Verarbeitung bzw. Wiedergabe von Inhalten in Datenbanken oder anderen elektronischen Medien und Systemen. Soweit die Inhalte auf dieser Seite nicht vom Betreiber erstellt wurden, werden die Urheberrechte Dritter beachtet. Inhalte und Rechte Dritter sind dabei als solche gekennzeichnet. Die unerlaubte Vervielf\u00e4ltigung oder Weitergabe einzelner Inhalte oder kompletter Seiten ist nicht gestattet und strafbar. Lediglich die Herstellung von Kopien und Downloads f\u00fcr den pers\u00f6nlichen, privaten und nicht kommerziellen Gebrauch ist erlaubt. Die Darstellung dieser Website in fremden Frames ist nur mit schriftlicher Erlaubnis zul\u00e4ssig. Sollten Sie auf eine Urheberrechtsverletzung aufmerksam werden, bitten wir um einen entsprechenden Hinweis. Bei Bekanntwerden von Rechtsverletzungen werden wir derartige Inhalte umgehend entfernen.<\/p>\n<h3><strong>Datenschutzbestimmungen<\/strong><\/h3>\n<p>Die Nutzung unserer Webseite ist in der Regel ohne Angabe personenbezogener Daten m\u00f6glich. Soweit auf unseren Seiten personenbezogene Daten (beispielsweise Name, Anschrift oder eMail-Adressen) erhoben werden, erfolgt dies stets auf freiwilliger Basis. Durch den Besuch der Website des Vereins k\u00f6nnen jedoch Informationen \u00fcber den Zugriff (Datum, Uhrzeit, betrachtete Seite) gespeichert werden. Diese Daten geh\u00f6ren nicht zu den personenbezogenen Daten, sondern sind anonymisiert. Sie werden ausschlie\u00dflich zu statistischen Zwecken ausgewertet. Eine Weitergabe von personalisierten Kunden- oder anonymen Daten an Dritte zu kommerziellen oder nichtkommerziellen Zwecken findet nicht statt. Der Verein weist darauf hin, dass die Daten\u00fcbertragung im Internet (z.B. bei der Kommunikation per E-Mail) Sicherheitsl\u00fccken aufweisen und nicht l\u00fcckenlos vor dem<br \/>\nZugriff durch Dritte gesch\u00fctzt werden kann. Die Verwendung der Kontaktdaten des Impressums zur gewerblichen Werbung ist ausdr\u00fccklich nicht erw\u00fcnscht, es sei denn der Verein hat zuvor seine schriftliche Einwilligung erteilt oder es besteht bereits eine Gesch\u00e4ftsbeziehung. Der Verein und alle auf dieser Website genannten Personen widersprechen hiermit jeder kommerziellen Verwendung und Weitergabe ihrer Daten. Die Betreiber der Seiten behalten sich ausdr\u00fccklich rechtliche Schritte im Falle der unverlangten Zusendung von Werbeinformationen, etwa durch Spam-Mails, vor.<\/p>\n<h3>Besondere Nutzungsbedingungen<\/h3>\n<p>Die vorstehenden Abs\u00e4tze regeln alle Aspekte der Nutzung dieser Website, soweit an den entsprechenden Stellen nichts anderes vermerkt ist. In diesem Fall gehen in jedem Einzelfall die spezifischen Nutzungsbedingungen den oben aufgef\u00fchrten Bedingungen vor. Alle Rechte vorbehalten. Jede Vervielf\u00e4ltigung bedarf der vorherigen schriftlichen Genehmigung durch den Freundeskreis f\u00fcr Internationale Tuberkulosehilfe e.V.<\/p>\n","protected":false},"excerpt":{"rendered":"<p>Haftungsausschluss Ver\u00f6ffentlichungspflichtige Informationen nach \u00a7 5 TMG Freundeskreis f\u00fcr Internationale Tuberkulosehilfe e.V. c\/o J\u00f6rg Preuss Wendelsteinstr. 11, 82166 Graefelfing info (at) tbhelp.org Registrierung: Vereinsregister M\u00fcnchen 204176 Verwaltungsrat: Herr Luan Vo Nguyen Quang Herr J\u00f6rg Preuss Herr Markus Greif Herr Markus Ostern Frau Rachel Forse Verantwortlich f\u00fcr den journalistisch-redaktionellen Inhalt im Sinne des \u00a7 55 II&hellip;&nbsp;<a href=\"https:\/\/tbhelp.org\/?page_id=6776&#038;lang=de\" class=\"\" rel=\"bookmark\">Read More &raquo;<span class=\"screen-reader-text\">Haftungsausschluss<\/span><\/a><\/p>\n","protected":false},"author":2,"featured_media":0,"parent":0,"menu_order":0,"comment_status":"closed","ping_status":"closed","template":"","meta":{"_acf_changed":false,"neve_meta_sidebar":"","neve_meta_container":"","neve_meta_enable_content_width":"","neve_meta_content_width":0,"neve_meta_title_alignment":"","neve_meta_author_avatar":"","neve_post_elements_order":"","neve_meta_disable_header":"","neve_meta_disable_footer":"","neve_meta_disable_title":"","footnotes":""},"acf":[],"_links":{"self":[{"href":"https:\/\/tbhelp.org\/index.php?rest_route=\/wp\/v2\/pages\/6776"}],"collection":[{"href":"https:\/\/tbhelp.org\/index.php?rest_route=\/wp\/v2\/pages"}],"about":[{"href":"https:\/\/tbhelp.org\/index.php?rest_route=\/wp\/v2\/types\/page"}],"author":[{"embeddable":true,"href":"https:\/\/tbhelp.org\/index.php?rest_route=\/wp\/v2\/users\/2"}],"replies":[{"embeddable":true,"href":"https:\/\/tbhelp.org\/index.php?rest_route=%2Fwp%2Fv2%2Fcomments&post=6776"}],"version-history":[{"count":0,"href":"https:\/\/tbhelp.org\/index.php?rest_route=\/wp\/v2\/pages\/6776\/revisions"}],"wp:attachment":[{"href":"https:\/\/tbhelp.org\/index.php?rest_route=%2Fwp%2Fv2%2Fmedia&parent=6776"}],"curies":[{"name":"wp","href":"https:\/\/api.w.org\/{rel}","templated":true}]}}