{"id":6762,"date":"2019-12-26T08:08:48","date_gmt":"2019-12-26T08:08:48","guid":{"rendered":"https:\/\/tbhilfe.org\/?page_id=6762"},"modified":"2024-03-21T08:07:06","modified_gmt":"2024-03-21T08:07:06","slug":"mitglied-werden","status":"publish","type":"page","link":"https:\/\/tbhelp.org\/?page_id=6762&lang=de","title":{"rendered":"Mitglied werden"},"content":{"rendered":"\t\t<div data-elementor-type=\"wp-page\" data-elementor-id=\"6762\" class=\"elementor elementor-6762 elementor-22\" data-elementor-post-type=\"page\">\n\t\t\t\t\t\t<section class=\"elementor-section elementor-top-section elementor-element elementor-element-f135715 elementor-section-stretched elementor-section-height-min-height elementor-section-items-top elementor-section-boxed elementor-section-height-default\" data-id=\"f135715\" data-element_type=\"section\" data-settings=\"{&quot;stretch_section&quot;:&quot;section-stretched&quot;,&quot;background_background&quot;:&quot;classic&quot;}\">\n\t\t\t\t\t\t<div class=\"elementor-container elementor-column-gap-no\">\n\t\t\t\t\t<div class=\"elementor-column elementor-col-100 elementor-top-column elementor-element elementor-element-638e544\" data-id=\"638e544\" data-element_type=\"column\">\n\t\t\t<div class=\"elementor-widget-wrap elementor-element-populated\">\n\t\t\t\t\t\t<div class=\"elementor-element elementor-element-bbced23 elementor-widget elementor-widget-heading\" data-id=\"bbced23\" data-element_type=\"widget\" data-widget_type=\"heading.default\">\n\t\t\t\t<div class=\"elementor-widget-container\">\n\t\t\t<h2 class=\"elementor-heading-title elementor-size-default\">Mitglied werden<\/h2>\t\t<\/div>\n\t\t\t\t<\/div>\n\t\t\t\t\t<\/div>\n\t\t<\/div>\n\t\t\t\t\t<\/div>\n\t\t<\/section>\n\t\t\t\t<section class=\"elementor-section elementor-top-section elementor-element elementor-element-8b0b95f elementor-section-boxed elementor-section-height-default elementor-section-height-default\" data-id=\"8b0b95f\" data-element_type=\"section\" data-settings=\"{&quot;background_background&quot;:&quot;classic&quot;}\">\n\t\t\t\t\t\t<div class=\"elementor-container elementor-column-gap-default\">\n\t\t\t\t\t<div class=\"elementor-column elementor-col-100 elementor-top-column elementor-element elementor-element-72314d5\" data-id=\"72314d5\" data-element_type=\"column\">\n\t\t\t<div class=\"elementor-widget-wrap elementor-element-populated\">\n\t\t\t\t\t\t<div class=\"elementor-element elementor-element-d449ebf elementor-widget elementor-widget-text-editor\" data-id=\"d449ebf\" data-element_type=\"widget\" data-widget_type=\"text-editor.default\">\n\t\t\t\t<div class=\"elementor-widget-container\">\n\t\t\t\t\t\t\t<p style=\"text-align: center;\">FIT veranstaltet j\u00e4hrlich eine Generalversammlung f\u00fcr alle Interessierten, um mehr \u00fcber unser letztes Betriebsjahr und das Wachstum der Organisation zu erfahren. Wenn Sie unserer Gesellschaft beitreten m\u00f6chten, regelm\u00e4\u00dfige E-Mail-Updates erhalten, an der Generalversammlung teilnehmen und\/oder zur Aufrechterhaltung einer guten Governance von FIT beitragen m\u00f6chten, erw\u00e4gen Sie bitte, Mitglied zu werden. Die Mitgliedschaft ist kostenlos und erfordert keine spezifische Verpflichtung. Bitte geben Sie Ihre Informationen am Ende dieser Seite ein.<\/p>\n<p style=\"text-align: center;\"><span style=\"background-color: var(--nv-site-bg); font-family: var(--bodyFontFamily),var(--nv-fallback-ff); font-size: var(--bodyFontSize); font-weight: var(--bodyFontWeight); letter-spacing: var(--bodyLetterSpacing); text-transform: var(--bodyTextTransform);\"> <\/span><\/p>\n<p style=\"text-align: center;\"><span style=\"background-color: var(--nv-site-bg); font-family: var(--bodyFontFamily),var(--nv-fallback-ff); font-size: var(--bodyFontSize); letter-spacing: var(--bodyLetterSpacing); text-transform: var(--bodyTextTransform);\"><b>Melden Sie sich im folgenden Formular an!<\/b><\/span><\/p>\n\t\t\t\t\t\t<\/div>\n\t\t\t\t<\/div>\n\t\t\t\t\t<\/div>\n\t\t<\/div>\n\t\t\t\t\t<\/div>\n\t\t<\/section>\n\t\t\t\t<\/div>\n\t\t","protected":false},"excerpt":{"rendered":"<p>Mitglied werden FIT veranstaltet j\u00e4hrlich eine Generalversammlung f\u00fcr alle Interessierten, um mehr \u00fcber unser letztes Betriebsjahr und das Wachstum der Organisation zu erfahren. Wenn Sie unserer Gesellschaft beitreten m\u00f6chten, regelm\u00e4\u00dfige E-Mail-Updates erhalten, an der Generalversammlung teilnehmen und\/oder zur Aufrechterhaltung einer guten Governance von FIT beitragen m\u00f6chten, erw\u00e4gen Sie bitte, Mitglied zu werden. Die Mitgliedschaft ist&hellip;&nbsp;<a href=\"https:\/\/tbhelp.org\/?page_id=6762&#038;lang=de\" class=\"\" rel=\"bookmark\">Read More &raquo;<span class=\"screen-reader-text\">Mitglied werden<\/span><\/a><\/p>\n","protected":false},"author":2,"featured_media":0,"parent":0,"menu_order":0,"comment_status":"closed","ping_status":"closed","template":"","meta":{"_acf_changed":false,"neve_meta_sidebar":"","neve_meta_container":"","neve_meta_enable_content_width":"","neve_meta_content_width":0,"neve_meta_title_alignment":"","neve_meta_author_avatar":"","neve_post_elements_order":"","neve_meta_disable_header":"","neve_meta_disable_footer":"","neve_meta_disable_title":"","footnotes":""},"acf":[],"_links":{"self":[{"href":"https:\/\/tbhelp.org\/index.php?rest_route=\/wp\/v2\/pages\/6762"}],"collection":[{"href":"https:\/\/tbhelp.org\/index.php?rest_route=\/wp\/v2\/pages"}],"about":[{"href":"https:\/\/tbhelp.org\/index.php?rest_route=\/wp\/v2\/types\/page"}],"author":[{"embeddable":true,"href":"https:\/\/tbhelp.org\/index.php?rest_route=\/wp\/v2\/users\/2"}],"replies":[{"embeddable":true,"href":"https:\/\/tbhelp.org\/index.php?rest_route=%2Fwp%2Fv2%2Fcomments&post=6762"}],"version-history":[{"count":1,"href":"https:\/\/tbhelp.org\/index.php?rest_route=\/wp\/v2\/pages\/6762\/revisions"}],"predecessor-version":[{"id":6763,"href":"https:\/\/tbhelp.org\/index.php?rest_route=\/wp\/v2\/pages\/6762\/revisions\/6763"}],"wp:attachment":[{"href":"https:\/\/tbhelp.org\/index.php?rest_route=%2Fwp%2Fv2%2Fmedia&parent=6762"}],"curies":[{"name":"wp","href":"https:\/\/api.w.org\/{rel}","templated":true}]}}