{"id":6746,"date":"2019-12-26T08:07:34","date_gmt":"2019-12-26T08:07:34","guid":{"rendered":"https:\/\/tbhilfe.org\/?page_id=6746"},"modified":"2024-03-23T02:07:18","modified_gmt":"2024-03-23T02:07:18","slug":"arbeiten-sie-mit-uns-zusammen","status":"publish","type":"page","link":"https:\/\/tbhelp.org\/?page_id=6746&lang=de","title":{"rendered":"Arbeiten Sie mit uns zusammen"},"content":{"rendered":"\t\t<div data-elementor-type=\"wp-page\" data-elementor-id=\"6746\" class=\"elementor elementor-6746 elementor-16\" data-elementor-post-type=\"page\">\n\t\t\t\t\t\t<section class=\"elementor-section elementor-top-section elementor-element elementor-element-122297f elementor-section-stretched elementor-section-height-min-height elementor-section-items-top elementor-hidden-desktop elementor-section-boxed elementor-section-height-default\" data-id=\"122297f\" data-element_type=\"section\" data-settings=\"{&quot;stretch_section&quot;:&quot;section-stretched&quot;,&quot;background_background&quot;:&quot;classic&quot;}\">\n\t\t\t\t\t\t<div class=\"elementor-container elementor-column-gap-default\">\n\t\t\t\t\t<div class=\"elementor-column elementor-col-100 elementor-top-column elementor-element elementor-element-5dcd93f\" data-id=\"5dcd93f\" data-element_type=\"column\">\n\t\t\t<div class=\"elementor-widget-wrap elementor-element-populated\">\n\t\t\t\t\t\t<div class=\"elementor-element elementor-element-ca02f78 elementor-widget-divider--view-line elementor-widget elementor-widget-divider\" data-id=\"ca02f78\" data-element_type=\"widget\" data-widget_type=\"divider.default\">\n\t\t\t\t<div class=\"elementor-widget-container\">\n\t\t\t\t\t<div class=\"elementor-divider\">\n\t\t\t<span class=\"elementor-divider-separator\">\n\t\t\t\t\t\t<\/span>\n\t\t<\/div>\n\t\t\t\t<\/div>\n\t\t\t\t<\/div>\n\t\t\t\t<div class=\"elementor-element elementor-element-9f614c3 text-center elementor-widget elementor-widget-tp-adv-text-block\" data-id=\"9f614c3\" data-element_type=\"widget\" data-widget_type=\"tp-adv-text-block.default\">\n\t\t\t\t<div class=\"elementor-widget-container\">\n\t\t\t<div class=\"pt-plus-text-block-wrapper\" ><div class=\"text_block_parallax\"><div class=\"pt_plus_adv_text_block \" ><div class=\"text-content-block\"><p>An Friends for International Tuberculosis Relief glauben wir daran, Zusammenarbeit zu st\u00e4rken, umfassende Ans\u00e4tze umzusetzen und innovative L\u00f6sungen zu erkunden. Wir suchen st\u00e4ndig nach mitf\u00fchlenden und motivierten Personen, die Teil unseres Teams werden m\u00f6chten.<\/p>\n<p>Werden Sie noch heute Teil der L\u00f6sung! <\/p>\n<p>Erfahren Sie mehr dar\u00fcber, wie Sie uns im Kampf gegen TB unterst\u00fctzen k\u00f6nnen:<\/p>\n<\/div><\/div><\/div><\/div>\t\t<\/div>\n\t\t\t\t<\/div>\n\t\t\t\t<section class=\"elementor-section elementor-inner-section elementor-element elementor-element-a4a9659 elementor-section-boxed elementor-section-height-default elementor-section-height-default\" data-id=\"a4a9659\" data-element_type=\"section\" data-settings=\"{&quot;background_background&quot;:&quot;classic&quot;}\">\n\t\t\t\t\t\t<div class=\"elementor-container elementor-column-gap-default\">\n\t\t\t\t\t<div class=\"elementor-column elementor-col-25 elementor-inner-column elementor-element elementor-element-032c11f\" data-id=\"032c11f\" data-element_type=\"column\">\n\t\t\t<div class=\"elementor-widget-wrap elementor-element-populated\">\n\t\t\t\t\t\t<div class=\"elementor-element elementor-element-2c44622 elementor-position-top elementor-widget elementor-widget-image-box\" data-id=\"2c44622\" data-element_type=\"widget\" data-widget_type=\"image-box.default\">\n\t\t\t\t<div class=\"elementor-widget-container\">\n\t\t\t<div class=\"elementor-image-box-wrapper\"><figure class=\"elementor-image-box-img\"><a href=\"https:\/\/tbhelp.org\/?page_id=6748&#038;lang=de\" tabindex=\"-1\"><img decoding=\"async\" src=\"https:\/\/tbhelp.org\/wp-content\/uploads\/getinvolved-01.svg\" class=\"elementor-animation-grow attachment-full size-full wp-image-5330\" alt=\"\" \/><\/a><\/figure><div class=\"elementor-image-box-content\"><p class=\"elementor-image-box-description\">Kontaktieren Sie uns<\/p><\/div><\/div>\t\t<\/div>\n\t\t\t\t<\/div>\n\t\t\t\t\t<\/div>\n\t\t<\/div>\n\t\t\t\t<div class=\"elementor-column elementor-col-25 elementor-inner-column elementor-element elementor-element-268299c\" data-id=\"268299c\" data-element_type=\"column\">\n\t\t\t<div class=\"elementor-widget-wrap elementor-element-populated\">\n\t\t\t\t\t\t<div class=\"elementor-element elementor-element-eb5fa37 elementor-position-top elementor-widget elementor-widget-image-box\" data-id=\"eb5fa37\" data-element_type=\"widget\" data-widget_type=\"image-box.default\">\n\t\t\t\t<div class=\"elementor-widget-container\">\n\t\t\t<div class=\"elementor-image-box-wrapper\"><figure class=\"elementor-image-box-img\"><a href=\"https:\/\/tbhelp.org\/?page_id=6752&#038;lang=de\" tabindex=\"-1\"><img decoding=\"async\" src=\"https:\/\/tbhelp.org\/wp-content\/uploads\/getinvolved-02.svg\" class=\"elementor-animation-grow attachment-full size-full wp-image-5332\" alt=\"\" \/><\/a><\/figure><div class=\"elementor-image-box-content\"><p class=\"elementor-image-box-description\">Besch\u00e4ftigungsm\u00f6glichkeiten<\/p><\/div><\/div>\t\t<\/div>\n\t\t\t\t<\/div>\n\t\t\t\t\t<\/div>\n\t\t<\/div>\n\t\t\t\t<div class=\"elementor-column elementor-col-25 elementor-inner-column elementor-element elementor-element-ad89d06\" data-id=\"ad89d06\" data-element_type=\"column\">\n\t\t\t<div class=\"elementor-widget-wrap elementor-element-populated\">\n\t\t\t\t\t\t<div class=\"elementor-element elementor-element-ff21d28 elementor-position-top elementor-widget elementor-widget-image-box\" data-id=\"ff21d28\" data-element_type=\"widget\" data-widget_type=\"image-box.default\">\n\t\t\t\t<div class=\"elementor-widget-container\">\n\t\t\t<div class=\"elementor-image-box-wrapper\"><figure class=\"elementor-image-box-img\"><a href=\"https:\/\/tbhelp.org\/?page_id=6760&#038;lang=de\" tabindex=\"-1\"><img decoding=\"async\" src=\"https:\/\/tbhelp.org\/wp-content\/uploads\/getinvolved-03.svg\" class=\"elementor-animation-grow attachment-full size-full wp-image-5334\" alt=\"\" \/><\/a><\/figure><div class=\"elementor-image-box-content\"><p class=\"elementor-image-box-description\">Praktikum bei FIT<\/p><\/div><\/div>\t\t<\/div>\n\t\t\t\t<\/div>\n\t\t\t\t\t<\/div>\n\t\t<\/div>\n\t\t\t\t<div class=\"elementor-column elementor-col-25 elementor-inner-column elementor-element elementor-element-205fefc\" data-id=\"205fefc\" data-element_type=\"column\">\n\t\t\t<div class=\"elementor-widget-wrap elementor-element-populated\">\n\t\t\t\t\t\t<div class=\"elementor-element elementor-element-9b119c7 elementor-position-top elementor-widget elementor-widget-image-box\" data-id=\"9b119c7\" data-element_type=\"widget\" data-widget_type=\"image-box.default\">\n\t\t\t\t<div class=\"elementor-widget-container\">\n\t\t\t<div class=\"elementor-image-box-wrapper\"><figure class=\"elementor-image-box-img\"><a href=\"https:\/\/tbhelp.org\/?page_id=6762&#038;lang=de\" tabindex=\"-1\"><img decoding=\"async\" src=\"https:\/\/tbhelp.org\/wp-content\/uploads\/getinvolved-04.svg\" class=\"elementor-animation-grow attachment-full size-full wp-image-5336\" alt=\"\" \/><\/a><\/figure><div class=\"elementor-image-box-content\"><p class=\"elementor-image-box-description\">Mitglied werden<\/p><\/div><\/div>\t\t<\/div>\n\t\t\t\t<\/div>\n\t\t\t\t\t<\/div>\n\t\t<\/div>\n\t\t\t\t\t<\/div>\n\t\t<\/section>\n\t\t\t\t\t<\/div>\n\t\t<\/div>\n\t\t\t\t\t<\/div>\n\t\t<\/section>\n\t\t\t\t<section class=\"elementor-section elementor-top-section elementor-element elementor-element-4ead79a elementor-section-stretched elementor-section-height-min-height elementor-hidden-phone elementor-section-items-top elementor-section-boxed elementor-section-height-default\" data-id=\"4ead79a\" data-element_type=\"section\" data-settings=\"{&quot;stretch_section&quot;:&quot;section-stretched&quot;,&quot;background_background&quot;:&quot;classic&quot;}\">\n\t\t\t\t\t\t<div class=\"elementor-container elementor-column-gap-no\">\n\t\t\t\t\t<div class=\"elementor-column elementor-col-100 elementor-top-column elementor-element elementor-element-3477c39\" data-id=\"3477c39\" data-element_type=\"column\">\n\t\t\t<div class=\"elementor-widget-wrap elementor-element-populated\">\n\t\t\t\t\t\t<div class=\"elementor-element elementor-element-b37091f elementor-widget elementor-widget-image\" data-id=\"b37091f\" data-element_type=\"widget\" data-widget_type=\"image.default\">\n\t\t\t\t<div class=\"elementor-widget-container\">\n\t\t\t\t\t\t\t\t\t\t\t\t\t<img loading=\"lazy\" decoding=\"async\" width=\"1260\" height=\"700\" src=\"https:\/\/tbhelp.org\/wp-content\/uploads\/Get-involved-DE-1.png\" class=\"attachment-full size-full wp-image-5416\" alt=\"\" \/>\t\t\t\t\t\t\t\t\t\t\t\t\t<\/div>\n\t\t\t\t<\/div>\n\t\t\t\t<div class=\"elementor-element elementor-element-45664ab elementor-widget-divider--view-line elementor-widget elementor-widget-divider\" data-id=\"45664ab\" data-element_type=\"widget\" data-widget_type=\"divider.default\">\n\t\t\t\t<div class=\"elementor-widget-container\">\n\t\t\t\t\t<div class=\"elementor-divider\">\n\t\t\t<span class=\"elementor-divider-separator\">\n\t\t\t\t\t\t<\/span>\n\t\t<\/div>\n\t\t\t\t<\/div>\n\t\t\t\t<\/div>\n\t\t\t\t<div class=\"elementor-element elementor-element-6b69465 elementor-widget elementor-widget-text-editor\" data-id=\"6b69465\" data-element_type=\"widget\" data-widget_type=\"text-editor.default\">\n\t\t\t\t<div class=\"elementor-widget-container\">\n\t\t\t\t\t\t\t<p>An Friends for International Tuberculosis Relief glauben wir daran, Zusammenarbeit zu st\u00e4rken, umfassende Ans\u00e4tze umzusetzen und innovative L\u00f6sungen zu erkunden. Wir suchen st\u00e4ndig nach mitf\u00fchlenden und motivierten Personen, die Teil unseres Teams werden m\u00f6chten.<\/p>\n<p>Werden Sie noch heute Teil der L\u00f6sung! <\/p>\n<p>Erfahren Sie mehr dar\u00fcber, wie Sie uns im Kampf gegen TB unterst\u00fctzen k\u00f6nnen:<\/p>\n\t\t\t\t\t\t<\/div>\n\t\t\t\t<\/div>\n\t\t\t\t<section class=\"elementor-section elementor-inner-section elementor-element elementor-element-942fa68 elementor-section-boxed elementor-section-height-default elementor-section-height-default\" data-id=\"942fa68\" data-element_type=\"section\">\n\t\t\t\t\t\t<div class=\"elementor-container elementor-column-gap-default\">\n\t\t\t\t\t<div class=\"elementor-column elementor-col-25 elementor-inner-column elementor-element elementor-element-6e5b7a0\" data-id=\"6e5b7a0\" data-element_type=\"column\">\n\t\t\t<div class=\"elementor-widget-wrap elementor-element-populated\">\n\t\t\t\t\t\t<div class=\"elementor-element elementor-element-1c8543a elementor-position-top elementor-widget elementor-widget-image-box\" data-id=\"1c8543a\" data-element_type=\"widget\" data-widget_type=\"image-box.default\">\n\t\t\t\t<div class=\"elementor-widget-container\">\n\t\t\t<div class=\"elementor-image-box-wrapper\"><figure class=\"elementor-image-box-img\"><a href=\"https:\/\/tbhelp.org\/?page_id=6748&#038;lang=de\" tabindex=\"-1\"><img decoding=\"async\" src=\"https:\/\/tbhelp.org\/wp-content\/uploads\/getinvolved-01.svg\" class=\"elementor-animation-grow attachment-full size-full wp-image-5330\" alt=\"\" \/><\/a><\/figure><div class=\"elementor-image-box-content\"><p class=\"elementor-image-box-description\">Kontaktieren Sie uns<\/p><\/div><\/div>\t\t<\/div>\n\t\t\t\t<\/div>\n\t\t\t\t\t<\/div>\n\t\t<\/div>\n\t\t\t\t<div class=\"elementor-column elementor-col-25 elementor-inner-column elementor-element elementor-element-b27defb\" data-id=\"b27defb\" data-element_type=\"column\">\n\t\t\t<div class=\"elementor-widget-wrap elementor-element-populated\">\n\t\t\t\t\t\t<div class=\"elementor-element elementor-element-bef53c6 elementor-position-top elementor-widget elementor-widget-image-box\" data-id=\"bef53c6\" data-element_type=\"widget\" data-widget_type=\"image-box.default\">\n\t\t\t\t<div class=\"elementor-widget-container\">\n\t\t\t<div class=\"elementor-image-box-wrapper\"><figure class=\"elementor-image-box-img\"><a href=\"https:\/\/tbhelp.org\/?page_id=6752&#038;lang=de\" tabindex=\"-1\"><img decoding=\"async\" src=\"https:\/\/tbhelp.org\/wp-content\/uploads\/getinvolved-02.svg\" class=\"elementor-animation-grow attachment-full size-full wp-image-5332\" alt=\"\" \/><\/a><\/figure><div class=\"elementor-image-box-content\"><p class=\"elementor-image-box-description\">Besch\u00e4ftigungsm\u00f6glichkeiten<\/p><\/div><\/div>\t\t<\/div>\n\t\t\t\t<\/div>\n\t\t\t\t\t<\/div>\n\t\t<\/div>\n\t\t\t\t<div class=\"elementor-column elementor-col-25 elementor-inner-column elementor-element elementor-element-2e97b19\" data-id=\"2e97b19\" data-element_type=\"column\">\n\t\t\t<div class=\"elementor-widget-wrap elementor-element-populated\">\n\t\t\t\t\t\t<div class=\"elementor-element elementor-element-1fefccc elementor-position-top elementor-widget elementor-widget-image-box\" data-id=\"1fefccc\" data-element_type=\"widget\" data-widget_type=\"image-box.default\">\n\t\t\t\t<div class=\"elementor-widget-container\">\n\t\t\t<div class=\"elementor-image-box-wrapper\"><figure class=\"elementor-image-box-img\"><a href=\"https:\/\/tbhelp.org\/?page_id=6760&#038;lang=de\" tabindex=\"-1\"><img decoding=\"async\" src=\"https:\/\/tbhelp.org\/wp-content\/uploads\/getinvolved-03.svg\" class=\"elementor-animation-grow attachment-full size-full wp-image-5334\" alt=\"\" \/><\/a><\/figure><div class=\"elementor-image-box-content\"><p class=\"elementor-image-box-description\">Praktikum bei FIT<\/p><\/div><\/div>\t\t<\/div>\n\t\t\t\t<\/div>\n\t\t\t\t\t<\/div>\n\t\t<\/div>\n\t\t\t\t<div class=\"elementor-column elementor-col-25 elementor-inner-column elementor-element elementor-element-63801df\" data-id=\"63801df\" data-element_type=\"column\">\n\t\t\t<div class=\"elementor-widget-wrap elementor-element-populated\">\n\t\t\t\t\t\t<div class=\"elementor-element elementor-element-a7e9fbc elementor-position-top elementor-widget elementor-widget-image-box\" data-id=\"a7e9fbc\" data-element_type=\"widget\" data-widget_type=\"image-box.default\">\n\t\t\t\t<div class=\"elementor-widget-container\">\n\t\t\t<div class=\"elementor-image-box-wrapper\"><figure class=\"elementor-image-box-img\"><a href=\"https:\/\/tbhelp.org\/?page_id=6762&#038;lang=de\" tabindex=\"-1\"><img decoding=\"async\" src=\"https:\/\/tbhelp.org\/wp-content\/uploads\/getinvolved-04.svg\" class=\"elementor-animation-grow attachment-full size-full wp-image-5336\" alt=\"\" \/><\/a><\/figure><div class=\"elementor-image-box-content\"><p class=\"elementor-image-box-description\">Mitglied werden<\/p><\/div><\/div>\t\t<\/div>\n\t\t\t\t<\/div>\n\t\t\t\t\t<\/div>\n\t\t<\/div>\n\t\t\t\t\t<\/div>\n\t\t<\/section>\n\t\t\t\t\t<\/div>\n\t\t<\/div>\n\t\t\t\t\t<\/div>\n\t\t<\/section>\n\t\t\t\t<\/div>\n\t\t","protected":false},"excerpt":{"rendered":"<p>An Friends for International Tuberculosis Relief glauben wir daran, Zusammenarbeit zu st\u00e4rken, umfassende Ans\u00e4tze umzusetzen und innovative L\u00f6sungen zu erkunden. Wir suchen st\u00e4ndig nach mitf\u00fchlenden und motivierten Personen, die Teil unseres Teams werden m\u00f6chten. Werden Sie noch heute Teil der L\u00f6sung! Erfahren Sie mehr dar\u00fcber, wie Sie uns im Kampf gegen TB unterst\u00fctzen k\u00f6nnen: Kontaktieren&hellip;&nbsp;<a href=\"https:\/\/tbhelp.org\/?page_id=6746&#038;lang=de\" class=\"\" rel=\"bookmark\">Read More &raquo;<span class=\"screen-reader-text\">Arbeiten Sie mit uns zusammen<\/span><\/a><\/p>\n","protected":false},"author":2,"featured_media":0,"parent":0,"menu_order":0,"comment_status":"closed","ping_status":"closed","template":"","meta":{"_acf_changed":false,"neve_meta_sidebar":"","neve_meta_container":"","neve_meta_enable_content_width":"","neve_meta_content_width":0,"neve_meta_title_alignment":"","neve_meta_author_avatar":"","neve_post_elements_order":"","neve_meta_disable_header":"","neve_meta_disable_footer":"","neve_meta_disable_title":"","footnotes":""},"acf":[],"_links":{"self":[{"href":"https:\/\/tbhelp.org\/index.php?rest_route=\/wp\/v2\/pages\/6746"}],"collection":[{"href":"https:\/\/tbhelp.org\/index.php?rest_route=\/wp\/v2\/pages"}],"about":[{"href":"https:\/\/tbhelp.org\/index.php?rest_route=\/wp\/v2\/types\/page"}],"author":[{"embeddable":true,"href":"https:\/\/tbhelp.org\/index.php?rest_route=\/wp\/v2\/users\/2"}],"replies":[{"embeddable":true,"href":"https:\/\/tbhelp.org\/index.php?rest_route=%2Fwp%2Fv2%2Fcomments&post=6746"}],"version-history":[{"count":2,"href":"https:\/\/tbhelp.org\/index.php?rest_route=\/wp\/v2\/pages\/6746\/revisions"}],"predecessor-version":[{"id":7065,"href":"https:\/\/tbhelp.org\/index.php?rest_route=\/wp\/v2\/pages\/6746\/revisions\/7065"}],"wp:attachment":[{"href":"https:\/\/tbhelp.org\/index.php?rest_route=%2Fwp%2Fv2%2Fmedia&parent=6746"}],"curies":[{"name":"wp","href":"https:\/\/api.w.org\/{rel}","templated":true}]}}