{"id":6521,"date":"2019-12-26T08:07:47","date_gmt":"2019-12-26T08:07:47","guid":{"rendered":"https:\/\/tbhilfe.org\/?page_id=6521"},"modified":"2024-03-26T10:07:27","modified_gmt":"2024-03-26T10:07:27","slug":"tuyen-bo-mien-trach","status":"publish","type":"page","link":"https:\/\/tbhelp.org\/?page_id=6521&lang=vi","title":{"rendered":"Tuy\u00ean b\u1ed1 mi\u1ec5n tr\u00e1ch"},"content":{"rendered":"<h2>Tuy\u00ean b\u1ed1 mi\u1ec5n tr\u00e1ch<\/h2>\n<h2>Th\u00f4ng tin c\u00f4ng khai b\u1eaft bu\u1ed9c theo \u00a7 5 TMG<\/h2>\n<p>Freundeskreis f\u00fcr Internationale Tuberkulosehilfe e.V.<\/p>\n<p>c\/o J\u00f6rg Preuss<br \/>\nWendelsteinstr. 11,<br \/>\n82166 Graefelfing<br \/>\ninfo@tbhelp.org<\/p>\n<p><strong>Th\u00f4ng tin \u0111\u0103ng k\u00fd:<\/strong><br \/>\nVereinsregister M\u00fcnchen 204176<\/p>\n<p><strong>H\u1ed9i \u0111\u1ed3ng Qu\u1ea3n tr\u1ecb:<\/strong><br \/>\n\u00d4ng V\u00f5 Nguy\u1ec5n Quang Lu\u00e2n<br \/>\n\u00d4ng J\u00f6rg Preuss<br \/>\n\u00d4ng Markus Greif<br \/>\n\u00d4ng Markus Ostern<br \/>\nB\u00e0 Rachel Forse<\/p>\n<p><strong>Ch\u1ecbu tr\u00e1ch nhi\u1ec7m v\u1ec1 n\u1ed9i dung b\u00e1o ch\u00ed v\u00e0 bi\u00ean t\u1eadp theo quy \u0111\u1ecbnh t\u1ea1i \u00a7 55 II RStV:<\/strong><br \/>\n\u00d4ng V\u00f5 Nguy\u1ec5n Quang Lu\u00e2n<br \/>\nElmer Weg 5<br \/>\n60386 Frankfurt<br \/>\nluan.vo@tbhelp.org<\/p>\n<h3><strong>Gi\u1edbi h\u1ea1n Tr\u00e1ch nhi\u1ec7m<\/strong><\/h3>\n<p>N\u1ed9i dung c\u1ee7a trang web n\u00e0y \u0111\u01b0\u1ee3c bi\u00ean so\u1ea1n m\u1ed9t c\u00e1ch c\u1ea9n tr\u1ecdng nh\u1ea5t c\u00f3 th\u1ec3. H\u1ed9i \u0111\u1ed3ng qu\u1ea3n tr\u1ecb Freundeskreis f\u00fcr Internationale Tuberkulosehilfe e.V. (Sau \u0111\u00e2y g\u1ecdi t\u1eaft l\u00e0 \u201cH\u1ed9i \u0111\u1ed3ng\u201d) kh\u00f4ng \u0111\u1ea3m b\u1ea3o t\u00ednh ch\u00ednh x\u00e1c, \u0111\u1ea7y \u0111\u1ee7 ho\u1eb7c k\u1ecbp th\u1eddi c\u1ee7a n\u1ed9i dung. V\u1edbi t\u01b0 c\u00e1ch l\u00e0 m\u1ed9t H\u1ed9i \u0111\u1ed3ng, ch\u00fang t\u00f4i ch\u1ecbu tr\u00e1ch nhi\u1ec7m theo \u00a7 7 \u0111o\u1ea1n 1 c\u1ee7a TMG \u0111\u1ed1i v\u1edbi n\u1ed9i dung c\u1ee7a ch\u00ednh ch\u00fang t\u00f4i tr\u00ean c\u00e1c trang n\u00e0y theo lu\u1eadt chung. Theo \u00a7 \u00a7 8 \u0111\u1ebfn 10 TMG, v\u1edbi t\u01b0 c\u00e1ch l\u00e0 m\u1ed9t H\u1ed9i \u0111\u1ed3ng, ch\u00fang t\u00f4i kh\u00f4ng c\u00f3 ngh\u0129a v\u1ee5 gi\u00e1m s\u00e1t th\u00f4ng tin \u0111\u01b0\u1ee3c truy\u1ec1n ho\u1eb7c l\u01b0u tr\u1eef ho\u1eb7c \u0111i\u1ec1u tra c\u00e1c tr\u01b0\u1eddng h\u1ee3p cho th\u1ea5y ho\u1ea1t \u0111\u1ed9ng b\u1ea5t h\u1ee3p ph\u00e1p. Ngh\u0129a v\u1ee5 x\u00f3a b\u1ecf ho\u1eb7c ng\u0103n ch\u1eb7n vi\u1ec7c s\u1eed d\u1ee5ng th\u00f4ng tin theo lu\u1eadt chung v\u1eabn kh\u00f4ng b\u1ecb \u1ea3nh h\u01b0\u1edfng. Tr\u00e1ch nhi\u1ec7m ph\u00e1p l\u00fd ch\u1ec9 c\u00f3 th\u1ec3 x\u1ea3y ra k\u1ec3 t\u1eeb ng\u00e0y ch\u00fang t\u00f4i \u0111\u01b0\u1ee3c bi\u1ebft v\u1ec1 h\u00e0nh vi vi ph\u1ea1m m\u1ed9t c\u00e1ch c\u1ee5 th\u1ec3. Sau khi th\u00f4ng b\u00e1o v\u1ec1 nh\u1eefng vi ph\u1ea1m nh\u01b0 v\u1eady, ch\u00fang t\u00f4i s\u1ebd x\u00f3a n\u1ed9i dung \u0111\u00f3 ngay l\u1eadp t\u1ee9c.<\/p>\n<h3><strong>Li\u00ean k\u1ebft ngo\u00e0i<\/strong><\/h3>\n<p>Trang web n\u00e0y ch\u1ee9a c\u00e1c li\u00ean k\u1ebft \u0111\u1ebfn c\u00e1c trang web c\u1ee7a b\u00ean th\u1ee9 ba (\u201cli\u00ean k\u1ebft ngo\u00e0i\u201d). H\u1ed9i \u0111\u1ed3ng kh\u00f4ng c\u00f3 quy\u1ec1n h\u00e0nh \u0111\u1ed1i v\u1edbi c\u00e1c thi\u1ebft k\u1ebf c\u0169ng nh\u01b0 n\u1ed9i dung hi\u1ec7n t\u1ea1i v\u00e0 t\u01b0\u01a1ng lai c\u1ee7a c\u00e1c trang li\u00ean k\u1ebft ngo\u00e0i. Do \u0111\u00f3, ch\u00fang t\u00f4i kh\u00f4ng nh\u1eadn tr\u00e1ch nhi\u1ec7m \u0111\u1ed1i v\u1edbi n\u1ed9i dung c\u1ee7a c\u00e1c trang web li\u00ean k\u1ebft ngo\u00e0i. Nh\u00e0 cung c\u1ea5p ho\u1eb7c v\u1eadn h\u00e0nh lu\u00f4n ch\u1ecbu tr\u00e1ch nhi\u1ec7m v\u1ec1 n\u1ed9i dung c\u1ee7a c\u00e1c trang \u0111\u01b0\u1ee3c li\u00ean k\u1ebft. H\u1ed9i \u0111\u1ed3ng \u0111\u00e3 n\u1ed7 l\u1ef1c x\u00e1c \u0111\u1ecbnh xem li\u1ec7u c\u00f3 b\u1ea5t k\u1ef3 h\u00e0nh vi vi ph\u1ea1m ph\u00e1p lu\u1eadt n\u00e0o khi k\u1ebft n\u1ed1i l\u1ea7n \u0111\u1ea7u t\u1edbi c\u00e1c li\u00ean k\u1ebft ngo\u00e0i v\u1edbi n\u1ed9i dung b\u00ean ngo\u00e0i hay kh\u00f4ng. V\u00e0o th\u1eddi \u0111i\u1ec3m \u0111\u00f3, ch\u00fang t\u00f4i kh\u00f4ng ph\u00e1t hi\u1ec7n vi ph\u1ea1m n\u00e0o. Vi\u1ec7c bao g\u1ed3m c\u00e1c li\u00ean k\u1ebft b\u00ean ngo\u00e0i kh\u00f4ng c\u00f3 ngh\u0129a l\u00e0 H\u1ed9i \u0111\u1ed3ng ch\u1ea5p nh\u1eadn quy\u1ec1n s\u1edf h\u1eefu n\u1ed9i dung \u0111\u1eb1ng sau c\u00e1c t\u00e0i li\u1ec7u tham kh\u1ea3o ho\u1eb7c li\u00ean k\u1ebft. Vi\u1ec7c ki\u1ec3m so\u00e1t v\u0129nh vi\u1ec5n n\u1ed9i dung c\u1ee7a c\u00e1c li\u00ean k\u1ebft b\u00ean ngo\u00e0i n\u00e0y kh\u00f4ng ph\u1ea3i l\u00e0 tr\u00e1ch nhi\u1ec7m h\u1ee3p l\u00fd \u0111\u1ed1i v\u1edbi H\u1ed9i \u0111\u1ed3ng, n\u1ebfu kh\u00f4ng c\u00f3 b\u1eb1ng ch\u1ee9ng c\u1ee5 th\u1ec3 v\u1ec1 h\u00e0nh vi vi ph\u1ea1m ph\u00e1p lu\u1eadt. N\u1ebfu ch\u00fang t\u00f4i bi\u1ebft v\u1ec1 h\u00e0nh vi vi ph\u1ea1m ph\u00e1p lu\u1eadt, c\u00e1c li\u00ean k\u1ebft ngo\u00e0i li\u00ean quan s\u1ebd b\u1ecb x\u00f3a ngay l\u1eadp t\u1ee9c.<\/p>\n<h3>Quy\u1ec1n t\u00e1c gi\u1ea3 v\u00e0 quy\u1ec1n ph\u1ee5 tr\u1ee3<\/h3>\n<p>Th\u00f4ng tin \u0111\u01b0\u1ee3c c\u00f4ng b\u1ed1 tr\u00ean trang web n\u00e0y tu\u00e2n theo b\u1ea3n quy\u1ec1n v\u00e0 c\u00e1c quy\u1ec1n ph\u1ee5 tr\u1ee3 c\u1ee7a \u0110\u1ee9c. M\u1ed7i vi\u1ec7c s\u1eed d\u1ee5ng ho\u1eb7c sao ch\u00e9p theo lu\u1eadt ph\u00e1p \u0110\u1ee9c qu\u1ea3n l\u00fd b\u1ea3n quy\u1ec1n v\u00e0 quy\u1ec1n ph\u1ee5 tr\u1ee3 ph\u1ea3i c\u00f3 s\u1ef1 \u0111\u1ed3ng \u00fd tr\u01b0\u1edbc b\u1eb1ng v\u0103n b\u1ea3n c\u1ee7a H\u1ed9i \u0111\u1ed3ng ho\u1eb7c ch\u1ee7 s\u1edf h\u1eefu t\u01b0\u01a1ng \u1ee9ng c\u1ee7a n\u1ed9i dung. \u0110i\u1ec1u n\u00e0y \u0111\u1eb7c bi\u1ec7t \u00e1p d\u1ee5ng cho vi\u1ec7c sao ch\u00e9p, ph\u1ecfng theo, d\u1ecbch thu\u1eadt, l\u01b0u tr\u1eef, x\u1eed l\u00fd v\u00e0 t\u00e1i t\u1ea1o n\u1ed9i dung trong c\u01a1 s\u1edf d\u1eef li\u1ec7u ho\u1eb7c c\u00e1c h\u1ec7 th\u1ed1ng v\u00e0 ph\u01b0\u01a1ng ti\u1ec7n \u0111i\u1ec7n t\u1eed kh\u00e1c. Trong ch\u1eebng m\u1ef1c n\u1ed9i dung tr\u00ean trang n\u00e0y \u0111\u01b0\u1ee3c t\u1ea1o b\u1edfi b\u00ean \u0111i\u1ec1u h\u00e0nh, b\u1ea3n quy\u1ec1n c\u1ee7a b\u00ean th\u1ee9 ba s\u1ebd \u0111\u01b0\u1ee3c t\u00f4n tr\u1ecdng. N\u1ed9i dung v\u00e0 quy\u1ec1n c\u1ee7a b\u00ean th\u1ee9 ba \u0111\u01b0\u1ee3c ch\u1ec9 \u0111\u1ecbnh t\u01b0\u01a1ng t\u1ef1. Vi\u1ec7c sao ch\u00e9p ho\u1eb7c ph\u00e2n ph\u1ed1i tr\u00e1i ph\u00e9p n\u1ed9i dung ri\u00eang l\u1ebb ho\u1eb7c ho\u00e0n ch\u1ec9nh l\u00e0 kh\u00f4ng \u0111\u01b0\u1ee3c cho ph\u00e9p v\u00e0 c\u00f3 th\u1ec3 b\u1ecb tr\u1eebng ph\u1ea1t. Ch\u1ec9 \u0111\u01b0\u1ee3c ph\u00e9p s\u1ea3n xu\u1ea5t c\u00e1c b\u1ea3n sao v\u00e0 t\u1ea3i xu\u1ed1ng cho m\u1ee5c \u0111\u00edch s\u1eed d\u1ee5ng c\u00e1 nh\u00e2n, ri\u00eang t\u01b0 v\u00e0 phi th\u01b0\u01a1ng m\u1ea1i. Vi\u1ec7c tr\u00ecnh b\u00e0y trang web n\u00e0y trong c\u00e1c khung b\u00ean ngo\u00e0i ch\u1ec9 \u0111\u01b0\u1ee3c ph\u00e9p khi c\u00f3 s\u1ef1 cho ph\u00e9p b\u1eb1ng v\u0103n b\u1ea3n. N\u1ebfu b\u1ea1n nh\u1eadn th\u1ea5y c\u00f3 h\u00e0nh vi vi ph\u1ea1m b\u1ea3n quy\u1ec1n, vui l\u00f2ng th\u00f4ng b\u00e1o v\u1edbi ch\u00fang t\u00f4i. Khi c\u00f3 th\u00f4ng b\u00e1o vi ph\u1ea1m, ch\u00fang t\u00f4i s\u1ebd x\u00f3a n\u1ed9i dung ngay l\u1eadp t\u1ee9c.<\/p>\n<h3><strong>Ch\u00ednh s\u00e1ch B\u1ea3o m\u1eadt<\/strong><\/h3>\n<p>Vi\u1ec7c s\u1eed d\u1ee5ng trang web c\u1ee7a ch\u00fang t\u00f4i th\u01b0\u1eddng c\u00f3 th\u1ec3 \u0111\u01b0\u1ee3c th\u1ef1c hi\u1ec7n m\u00e0 kh\u00f4ng c\u1ea7n cung c\u1ea5p th\u00f4ng tin c\u00e1 nh\u00e2n. N\u1ebfu ch\u00fang t\u00f4i y\u00eau c\u1ea7u d\u1eef li\u1ec7u c\u00e1 nh\u00e2n (ch\u1eb3ng h\u1ea1n nh\u01b0 t\u00ean, \u0111\u1ecba ch\u1ec9 ho\u1eb7c \u0111\u1ecba ch\u1ec9 email) th\u00ec vi\u1ec7c n\u00e0y s\u1ebd \u0111\u01b0\u1ee3c th\u1ef1c hi\u1ec7n d\u1ef1a tr\u00ean c\u01a1 s\u1edf t\u1ef1 nguy\u1ec7n. Tuy nhi\u00ean, b\u1eb1ng c\u00e1ch truy c\u1eadp trang web c\u1ee7a H\u1ed9i \u0111\u1ed3ng, th\u00f4ng tin v\u1ec1 vi\u1ec7c truy c\u1eadp (ng\u00e0y, gi\u1edd, trang \u0111\u00e3 xem) s\u1ebd \u0111\u01b0\u1ee3c l\u01b0u l\u1ea1i. Nh\u1eefng d\u1eef li\u1ec7u n\u00e0y kh\u00f4ng ph\u1ea3i l\u00e0 d\u1eef li\u1ec7u c\u00e1 nh\u00e2n, ch\u00fang \u1ea9n danh. Ch\u00fang s\u1ebd ch\u1ec9 \u0111\u01b0\u1ee3c s\u1eed d\u1ee5ng cho m\u1ee5c \u0111\u00edch th\u1ed1ng k\u00ea. Ch\u00fang t\u00f4i kh\u00f4ng chuy\u1ec3n b\u1ea5t k\u1ef3 d\u1eef li\u1ec7u \u1ea9n danh ho\u1eb7c d\u1eef li\u1ec7u kh\u00e1ch h\u00e0ng \u0111\u01b0\u1ee3c c\u00e1 nh\u00e2n h\u00f3a n\u00e0o cho b\u00ean th\u1ee9 ba v\u00ec m\u1ee5c \u0111\u00edch th\u01b0\u01a1ng m\u1ea1i ho\u1eb7c phi th\u01b0\u01a1ng m\u1ea1i. H\u1ed9i \u0111\u1ed3ng mu\u1ed1n nh\u1ea5n m\u1ea1nh r\u1eb1ng d\u1eef li\u1ec7u tr\u00ean internet (v\u00ed d\u1ee5: li\u00ean l\u1ea1c b\u1eb1ng e-mail) c\u00f3 nhi\u1ec1u l\u1ed7 h\u1ed5ng b\u1ea3o m\u1eadt v\u00e0 kh\u00f4ng th\u1ec3<br \/>\n\u0111\u01b0\u1ee3c b\u1ea3o v\u1ec7 ho\u00e0n to\u00e0n kh\u1ecfi s\u1ef1 truy c\u1eadp t\u1eeb b\u00ean th\u1ee9 ba. Vi\u1ec7c s\u1eed d\u1ee5ng th\u00f4ng tin li\u00ean h\u1ec7 \u0111\u01b0\u1ee3c tr\u00ecnh b\u00e0y tr\u00ean trang web n\u00e0y cho m\u1ee5c \u0111\u00edch th\u01b0\u01a1ng m\u1ea1i l\u00e0 ho\u00e0n to\u00e0n kh\u00f4ng \u0111\u01b0\u1ee3c ph\u00e9p, tr\u1eeb khi H\u1ed9i \u0111\u1ed3ng c\u00f3 s\u1ef1 \u0111\u1ed3ng \u00fd b\u1eb1ng v\u0103n b\u1ea3n ho\u1eb7c \u0111\u00e3 c\u00f3 m\u1ed1i quan h\u1ec7 kinh doanh. H\u1ed9i \u0111\u1ed3ng v\u00e0 t\u1ea5t c\u1ea3 nh\u1eefng ng\u01b0\u1eddi c\u00f3 t\u00ean tr\u00ean trang web n\u00e0y ph\u1ea3n \u0111\u1ed1i m\u1ecdi h\u00e0nh vi s\u1eed d\u1ee5ng v\u00e0 ti\u1ebft l\u1ed9 d\u1eef li\u1ec7u c\u1ee7a h\u1ecd cho m\u1ee5c \u0111\u00edch th\u01b0\u01a1ng m\u1ea1i. C\u00e1c nh\u00e0 \u0111i\u1ec1u h\u00e0nh trang web c\u00f3 quy\u1ec1n th\u1ef1c hi\u1ec7n h\u00e0nh \u0111\u1ed9ng ph\u00e1p l\u00fd trong tr\u01b0\u1eddng h\u1ee3p nh\u1eadn \u0111\u01b0\u1ee3c qu\u1ea3ng c\u00e1o kh\u00f4ng mong mu\u1ed1n, ch\u1eb3ng h\u1ea1n nh\u01b0 email spam.<\/p>\n<h3>\u0110i\u1ec1u ki\u1ec7n s\u1eed d\u1ee5ng \u0111\u1eb7c bi\u1ec7t<\/h3>\n<p>C\u00e1c \u0111o\u1ea1n tr\u00ean chi ph\u1ed1i t\u1ea5t c\u1ea3 c\u00e1c kh\u00eda c\u1ea1nh c\u1ee7a vi\u1ec7c s\u1eed d\u1ee5ng trang web n\u00e0y tr\u1eeb khi c\u00f3 ghi ch\u00fa kh\u00e1c v\u00e0o th\u1eddi \u0111i\u1ec3m th\u00edch h\u1ee3p. Trong tr\u01b0\u1eddng h\u1ee3p n\u00e0y, \u0111\u1ed1i v\u1edbi c\u00e1c tr\u01b0\u1eddng h\u1ee3p ri\u00eang bi\u1ec7t \u0111\u01b0\u1ee3c \u00e1p d\u1ee5ng, c\u00e1c \u0111i\u1ec1u ki\u1ec7n s\u1eed d\u1ee5ng c\u1ee5 th\u1ec3 s\u1ebd cao h\u01a1n c\u00e1c \u0111i\u1ec1u ki\u1ec7n \u0111\u01b0\u1ee3c li\u1ec7t k\u00ea \u1edf tr\u00ean. \u0110\u00e3 \u0111\u0103ng k\u00fd B\u1ea3n quy\u1ec1n. S\u1ef1 cho ph\u00e9p tr\u01b0\u1edbc b\u1eb1ng v\u0103n b\u1ea3n c\u1ee7a Freundeskreis f\u00fcr Internationale Tuberkulosehilfe e.V. l\u00e0 c\u1ea7n thi\u1ebft \u0111\u1ec3 sao ch\u00e9p b\u1eb1ng b\u1ea5t k\u1ef3 c\u00e1ch th\u1ee9c n\u00e0o.<\/p>\n","protected":false},"excerpt":{"rendered":"<p>Tuy\u00ean b\u1ed1 mi\u1ec5n tr\u00e1ch Th\u00f4ng tin c\u00f4ng khai b\u1eaft bu\u1ed9c theo \u00a7 5 TMG Freundeskreis f\u00fcr Internationale Tuberkulosehilfe e.V. c\/o J\u00f6rg Preuss Wendelsteinstr. 11, 82166 Graefelfing info@tbhelp.org Th\u00f4ng tin \u0111\u0103ng k\u00fd: Vereinsregister M\u00fcnchen 204176 H\u1ed9i \u0111\u1ed3ng Qu\u1ea3n tr\u1ecb: \u00d4ng V\u00f5 Nguy\u1ec5n Quang Lu\u00e2n \u00d4ng J\u00f6rg Preuss \u00d4ng Markus Greif \u00d4ng Markus Ostern B\u00e0 Rachel Forse&hellip;&nbsp;<a href=\"https:\/\/tbhelp.org\/?page_id=6521&#038;lang=vi\" class=\"\" rel=\"bookmark\">Read More &raquo;<span class=\"screen-reader-text\">Tuy\u00ean b\u1ed1 mi\u1ec5n tr\u00e1ch<\/span><\/a><\/p>\n","protected":false},"author":2,"featured_media":0,"parent":0,"menu_order":0,"comment_status":"closed","ping_status":"closed","template":"","meta":{"_acf_changed":false,"neve_meta_sidebar":"","neve_meta_container":"","neve_meta_enable_content_width":"","neve_meta_content_width":0,"neve_meta_title_alignment":"","neve_meta_author_avatar":"","neve_post_elements_order":"","neve_meta_disable_header":"","neve_meta_disable_footer":"","neve_meta_disable_title":"","footnotes":""},"acf":[],"_links":{"self":[{"href":"https:\/\/tbhelp.org\/index.php?rest_route=\/wp\/v2\/pages\/6521"}],"collection":[{"href":"https:\/\/tbhelp.org\/index.php?rest_route=\/wp\/v2\/pages"}],"about":[{"href":"https:\/\/tbhelp.org\/index.php?rest_route=\/wp\/v2\/types\/page"}],"author":[{"embeddable":true,"href":"https:\/\/tbhelp.org\/index.php?rest_route=\/wp\/v2\/users\/2"}],"replies":[{"embeddable":true,"href":"https:\/\/tbhelp.org\/index.php?rest_route=%2Fwp%2Fv2%2Fcomments&post=6521"}],"version-history":[{"count":1,"href":"https:\/\/tbhelp.org\/index.php?rest_route=\/wp\/v2\/pages\/6521\/revisions"}],"predecessor-version":[{"id":7114,"href":"https:\/\/tbhelp.org\/index.php?rest_route=\/wp\/v2\/pages\/6521\/revisions\/7114"}],"wp:attachment":[{"href":"https:\/\/tbhelp.org\/index.php?rest_route=%2Fwp%2Fv2%2Fmedia&parent=6521"}],"curies":[{"name":"wp","href":"https:\/\/api.w.org\/{rel}","templated":true}]}}