{"id":6517,"date":"2019-12-26T08:08:48","date_gmt":"2019-12-26T08:08:48","guid":{"rendered":"https:\/\/tbhilfe.org\/?page_id=6517"},"modified":"2024-03-26T10:05:18","modified_gmt":"2024-03-26T10:05:18","slug":"tro-thanh-mot-thanh-vien","status":"publish","type":"page","link":"https:\/\/tbhelp.org\/?page_id=6517&lang=vi","title":{"rendered":"Tr\u1edf th\u00e0nh th\u00e0nh vi\u00ean"},"content":{"rendered":"\t\t<div data-elementor-type=\"wp-page\" data-elementor-id=\"6517\" class=\"elementor elementor-6517 elementor-22\" data-elementor-post-type=\"page\">\n\t\t\t\t\t\t<section class=\"elementor-section elementor-top-section elementor-element elementor-element-f135715 elementor-section-stretched elementor-section-height-min-height elementor-section-items-top elementor-section-boxed elementor-section-height-default\" data-id=\"f135715\" data-element_type=\"section\" data-settings=\"{&quot;stretch_section&quot;:&quot;section-stretched&quot;,&quot;background_background&quot;:&quot;classic&quot;}\">\n\t\t\t\t\t\t<div class=\"elementor-container elementor-column-gap-no\">\n\t\t\t\t\t<div class=\"elementor-column elementor-col-100 elementor-top-column elementor-element elementor-element-638e544\" data-id=\"638e544\" data-element_type=\"column\">\n\t\t\t<div class=\"elementor-widget-wrap elementor-element-populated\">\n\t\t\t\t\t\t<div class=\"elementor-element elementor-element-bbced23 elementor-widget elementor-widget-heading\" data-id=\"bbced23\" data-element_type=\"widget\" data-widget_type=\"heading.default\">\n\t\t\t\t<div class=\"elementor-widget-container\">\n\t\t\t<h2 class=\"elementor-heading-title elementor-size-default\">Tr\u1edf th\u00e0nh th\u00e0nh vi\u00ean<\/h2>\t\t<\/div>\n\t\t\t\t<\/div>\n\t\t\t\t\t<\/div>\n\t\t<\/div>\n\t\t\t\t\t<\/div>\n\t\t<\/section>\n\t\t\t\t<section class=\"elementor-section elementor-top-section elementor-element elementor-element-8b0b95f elementor-section-boxed elementor-section-height-default elementor-section-height-default\" data-id=\"8b0b95f\" data-element_type=\"section\" data-settings=\"{&quot;background_background&quot;:&quot;classic&quot;}\">\n\t\t\t\t\t\t<div class=\"elementor-container elementor-column-gap-default\">\n\t\t\t\t\t<div class=\"elementor-column elementor-col-100 elementor-top-column elementor-element elementor-element-72314d5\" data-id=\"72314d5\" data-element_type=\"column\">\n\t\t\t<div class=\"elementor-widget-wrap elementor-element-populated\">\n\t\t\t\t\t\t<div class=\"elementor-element elementor-element-d449ebf elementor-widget elementor-widget-text-editor\" data-id=\"d449ebf\" data-element_type=\"widget\" data-widget_type=\"text-editor.default\">\n\t\t\t\t<div class=\"elementor-widget-container\">\n\t\t\t\t\t\t\t<p style=\"text-align: center;\">FIT t\u1ed5 ch\u1ee9c phi\u00ean h\u1ecdp H\u1ed9i \u0110\u1ed3ng Qu\u1ea3n tr\u1ecb h\u00e0ng n\u0103m cho t\u1ea5t c\u1ea3 c\u00e1c b\u00ean quan t\u00e2m nh\u1eb1m ph\u1ed5 bi\u1ebfn k\u1ebft qu\u1ea3 ho\u1ea1t \u0111\u1ed9ng n\u0103m v\u1eeba qua v\u00e0 c\u1eadp nh\u1eadt t\u00ecnh h\u00ecnh ph\u00e1t tri\u1ec3n c\u1ee7a t\u1ed5 ch\u1ee9c. N\u1ebfu b\u1ea1n mu\u1ed1n tham gia c\u1ed9ng \u0111\u1ed3ng c\u1ee7a ch\u00fang t\u00f4i, nh\u1eadn c\u00e1c c\u1eadp nh\u1eadt \u0111\u1ecbnh k\u1ef3 v\u1ec1 ho\u1ea1t \u0111\u1ed9ng c\u1ee7a FIT qua email, tham gia H\u1ed9i \u0111\u1ed3ng Qu\u1ea3n tr\u1ecb v\u00e0\/ho\u1eb7c h\u1ed7 tr\u1ee3 ch\u00fang t\u00f4i duy tr\u00ec qu\u1ea3n tr\u1ecb t\u1ed1t, ch\u00fang t\u00f4i r\u1ea5t ch\u00e0o \u0111\u00f3n b\u1ea1n tr\u1edf th\u00e0nh th\u00e0nh vi\u00ean. Vi\u1ec7c \u0111\u0103ng k\u00fd tr\u1edf th\u00e0nh th\u00e0nh vi\u00ean kh\u00f4ng m\u1ea5t ph\u00ed v\u00e0 kh\u00f4ng y\u00eau c\u1ea7u b\u1ea5t k\u1ef3 cam k\u1ebft c\u1ee5 th\u1ec3 n\u00e0o. Vui l\u00f2ng g\u1eedi th\u00f4ng tin c\u1ee7a b\u1ea1n \u1edf cu\u1ed1i trang n\u00e0y.<\/p>\n<p style=\"text-align: center;\"><span style=\"background-color: var(--nv-site-bg); font-family: var(--bodyFontFamily),var(--nv-fallback-ff); font-size: var(--bodyFontSize); font-weight: var(--bodyFontWeight); letter-spacing: var(--bodyLetterSpacing); text-transform: var(--bodyTextTransform);\"> <\/span><\/p>\n<p style=\"text-align: center;\"><span style=\"background-color: var(--nv-site-bg); font-family: var(--bodyFontFamily),var(--nv-fallback-ff); font-size: var(--bodyFontSize); letter-spacing: var(--bodyLetterSpacing); text-transform: var(--bodyTextTransform);\"><b>\u0110\u0103ng k\u00fd v\u00e0o bi\u1ec3u m\u1eabu d\u01b0\u1edbi \u0111\u00e2y!<\/b><\/span><\/p>\n\t\t\t\t\t\t<\/div>\n\t\t\t\t<\/div>\n\t\t\t\t\t<\/div>\n\t\t<\/div>\n\t\t\t\t\t<\/div>\n\t\t<\/section>\n\t\t\t\t<\/div>\n\t\t","protected":false},"excerpt":{"rendered":"<p>Tr\u1edf th\u00e0nh th\u00e0nh vi\u00ean FIT t\u1ed5 ch\u1ee9c phi\u00ean h\u1ecdp H\u1ed9i \u0110\u1ed3ng Qu\u1ea3n tr\u1ecb h\u00e0ng n\u0103m cho t\u1ea5t c\u1ea3 c\u00e1c b\u00ean quan t\u00e2m nh\u1eb1m ph\u1ed5 bi\u1ebfn k\u1ebft qu\u1ea3 ho\u1ea1t \u0111\u1ed9ng n\u0103m v\u1eeba qua v\u00e0 c\u1eadp nh\u1eadt t\u00ecnh h\u00ecnh ph\u00e1t tri\u1ec3n c\u1ee7a t\u1ed5 ch\u1ee9c. N\u1ebfu b\u1ea1n mu\u1ed1n tham gia c\u1ed9ng \u0111\u1ed3ng c\u1ee7a ch\u00fang t\u00f4i, nh\u1eadn c\u00e1c c\u1eadp&hellip;&nbsp;<a href=\"https:\/\/tbhelp.org\/?page_id=6517&#038;lang=vi\" class=\"\" rel=\"bookmark\">Read More &raquo;<span class=\"screen-reader-text\">Tr\u1edf th\u00e0nh th\u00e0nh vi\u00ean<\/span><\/a><\/p>\n","protected":false},"author":2,"featured_media":0,"parent":0,"menu_order":0,"comment_status":"closed","ping_status":"closed","template":"","meta":{"_acf_changed":false,"neve_meta_sidebar":"","neve_meta_container":"","neve_meta_enable_content_width":"","neve_meta_content_width":0,"neve_meta_title_alignment":"","neve_meta_author_avatar":"","neve_post_elements_order":"","neve_meta_disable_header":"","neve_meta_disable_footer":"","neve_meta_disable_title":"","footnotes":""},"acf":[],"_links":{"self":[{"href":"https:\/\/tbhelp.org\/index.php?rest_route=\/wp\/v2\/pages\/6517"}],"collection":[{"href":"https:\/\/tbhelp.org\/index.php?rest_route=\/wp\/v2\/pages"}],"about":[{"href":"https:\/\/tbhelp.org\/index.php?rest_route=\/wp\/v2\/types\/page"}],"author":[{"embeddable":true,"href":"https:\/\/tbhelp.org\/index.php?rest_route=\/wp\/v2\/users\/2"}],"replies":[{"embeddable":true,"href":"https:\/\/tbhelp.org\/index.php?rest_route=%2Fwp%2Fv2%2Fcomments&post=6517"}],"version-history":[{"count":21,"href":"https:\/\/tbhelp.org\/index.php?rest_route=\/wp\/v2\/pages\/6517\/revisions"}],"predecessor-version":[{"id":7168,"href":"https:\/\/tbhelp.org\/index.php?rest_route=\/wp\/v2\/pages\/6517\/revisions\/7168"}],"wp:attachment":[{"href":"https:\/\/tbhelp.org\/index.php?rest_route=%2Fwp%2Fv2%2Fmedia&parent=6517"}],"curies":[{"name":"wp","href":"https:\/\/api.w.org\/{rel}","templated":true}]}}